



{"id":204,"date":"2023-01-25T22:23:05","date_gmt":"2023-01-25T19:23:05","guid":{"rendered":"https:\/\/burcukaplan.com\/?page_id=204"},"modified":"2023-01-27T21:40:46","modified_gmt":"2023-01-27T18:40:46","slug":"degerlendirme-ve-aile-bilgi-formu","status":"publish","type":"page","link":"https:\/\/burcukaplan.com\/index.php\/degerlendirme-ve-aile-bilgi-formu\/","title":{"rendered":"DE\u011eERLEND\u0130RME VE A\u0130LE B\u0130LG\u0130 FORMU"},"content":{"rendered":"<section class=\"kc-elm kc-css-294653 kc_row\"><div class=\"kc-row-container  kc-container\"><div class=\"kc-wrap-columns\"><div class=\"kc-elm kc-css-342764 kc_col-sm-12 kc_column kc_col-sm-12\"><div class=\"kc-col-container\"><div class=\"kc-contact-form7 kc-elm kc-css-821598\"><h2>DE\u011eERLEND\u0130RME VE A\u0130LE B\u0130LG\u0130 FORMU<\/h2>\n<div class=\"wpcf7 no-js\" id=\"wpcf7-f254-o1\" lang=\"tr-TR\" dir=\"ltr\">\n<div class=\"screen-reader-response\"><p role=\"status\" aria-live=\"polite\" aria-atomic=\"true\"><\/p> <ul><\/ul><\/div>\n<form action=\"\/index.php\/wp-json\/wp\/v2\/pages\/204#wpcf7-f254-o1\" method=\"post\" class=\"wpcf7-form init\" aria-label=\"Contact form\" novalidate=\"novalidate\" data-status=\"init\">\n<div style=\"display: none;\">\n<input type=\"hidden\" name=\"_wpcf7\" value=\"254\" \/>\n<input type=\"hidden\" name=\"_wpcf7_version\" value=\"5.7.6\" \/>\n<input type=\"hidden\" name=\"_wpcf7_locale\" value=\"tr_TR\" \/>\n<input type=\"hidden\" name=\"_wpcf7_unit_tag\" value=\"wpcf7-f254-o1\" \/>\n<input type=\"hidden\" name=\"_wpcf7_container_post\" value=\"0\" \/>\n<input type=\"hidden\" name=\"_wpcf7_posted_data_hash\" value=\"\" \/>\n<\/div>\n<p>** L\u00fctfen g\u00f6r\u00fc\u015fme \u00f6ncesinde a\u015fa\u011f\u0131daki sorular\u0131 cevaplay\u0131n\u0131z. Vermi\u015f oldu\u011funuz bilgiler gizlilik ilkesi kapsam\u0131nda korunacak ve g\u00fcvenli bir yerde sakl\u0131 tutulacakt\u0131r.\n<\/p>\n<p>**<br \/>\nFormu dolduran: Anne - Baba - Di\u011fer :<span class=\"wpcf7-form-control-wrap\" data-name=\"text-387\"><input size=\"40\" class=\"wpcf7-form-control wpcf7-text\" aria-invalid=\"false\" value=\"\" type=\"text\" name=\"text-387\" \/><\/span> Formun dolduruldu\u011fu tarih:<span class=\"wpcf7-form-control-wrap\" data-name=\"date-745\"><input class=\"wpcf7-form-control wpcf7-date wpcf7-validates-as-date\" aria-invalid=\"false\" value=\"\" type=\"date\" name=\"date-745\" \/><\/span>\n<\/p>\n<p><label> \u00c7ocu\u011fun ad\u0131 soyad\u0131:<br \/>\n<span class=\"wpcf7-form-control-wrap\" data-name=\"stud-name\"><input size=\"40\" class=\"wpcf7-form-control wpcf7-text wpcf7-validates-as-required\" aria-required=\"true\" aria-invalid=\"false\" value=\"\" type=\"text\" name=\"stud-name\" \/><\/span> <\/label>\n<\/p>\n<p><label> Okulu:<br \/>\n<span class=\"wpcf7-form-control-wrap\" data-name=\"text-387\"><input size=\"40\" class=\"wpcf7-form-control wpcf7-text\" aria-invalid=\"false\" value=\"\" type=\"text\" name=\"text-387\" \/><\/span> <\/label>\n<\/p>\n<p><label> S\u0131n\u0131f\u0131:<br \/>\n<span class=\"wpcf7-form-control-wrap\" data-name=\"text-387\"><input size=\"40\" class=\"wpcf7-form-control wpcf7-text\" aria-invalid=\"false\" value=\"\" type=\"text\" name=\"text-387\" \/><\/span> <\/label>\n<\/p>\n<p><label> TC:<br \/>\n<span class=\"wpcf7-form-control-wrap\" data-name=\"number-663\"><input class=\"wpcf7-form-control wpcf7-number wpcf7-validates-as-number\" aria-invalid=\"false\" value=\"\" type=\"number\" name=\"number-663\" \/><\/span> <\/label>\n<\/p>\n<p><label> Do\u011fum Tarihi:<br \/>\n<span class=\"wpcf7-form-control-wrap\" data-name=\"date-745\"><input class=\"wpcf7-form-control wpcf7-date wpcf7-validates-as-date\" aria-invalid=\"false\" value=\"\" type=\"date\" name=\"date-745\" \/><\/span> <\/label>\n<\/p>\n<p><label> Cinsiyeti:<br \/>\n<span class=\"wpcf7-form-control-wrap\" data-name=\"text-387\"><input size=\"40\" class=\"wpcf7-form-control wpcf7-text\" aria-invalid=\"false\" value=\"\" type=\"text\" name=\"text-387\" \/><\/span><\/label>\n<\/p>\n<p><label> Annesinin Ad\u0131<br \/>\n<span class=\"wpcf7-form-control-wrap\" data-name=\"text-387\"><input size=\"40\" class=\"wpcf7-form-control wpcf7-text\" aria-invalid=\"false\" value=\"\" type=\"text\" name=\"text-387\" \/><\/span> <\/label>\n<\/p>\n<p><label> Ya\u015f\u0131:<br \/>\n<span class=\"wpcf7-form-control-wrap\" data-name=\"number-663\"><input class=\"wpcf7-form-control wpcf7-number wpcf7-validates-as-number\" aria-invalid=\"false\" value=\"\" type=\"number\" name=\"number-663\" \/><\/span> <\/label>\n<\/p>\n<p><label> E\u011fitim Durumu:<br \/>\n<span class=\"wpcf7-form-control-wrap\" data-name=\"text-387\"><input size=\"40\" class=\"wpcf7-form-control wpcf7-text\" aria-invalid=\"false\" value=\"\" type=\"text\" name=\"text-387\" \/><\/span> <\/label>\n<\/p>\n<p><label> \u0130\u015fi:<br \/>\n<span class=\"wpcf7-form-control-wrap\" data-name=\"text-387\"><input size=\"40\" class=\"wpcf7-form-control wpcf7-text\" aria-invalid=\"false\" value=\"\" type=\"text\" name=\"text-387\" \/><\/span> <\/label>\n<\/p>\n<p><label> \u00c7al\u0131\u015ft\u0131\u011f\u0131 Kurum - G\u00f6revi :<br \/>\n<span class=\"wpcf7-form-control-wrap\" data-name=\"text-387\"><input size=\"40\" class=\"wpcf7-form-control wpcf7-text\" aria-invalid=\"false\" value=\"\" type=\"text\" name=\"text-387\" \/><\/span> <\/label>\n<\/p>\n<p><label> E-posta Adresi:<br \/>\n<span class=\"wpcf7-form-control-wrap\" data-name=\"text-387\"><input size=\"40\" class=\"wpcf7-form-control wpcf7-text\" aria-invalid=\"false\" value=\"\" type=\"text\" name=\"text-387\" \/><\/span> <\/label>\n<\/p>\n<p><label> Cep Telefonu:<br \/>\n<span class=\"wpcf7-form-control-wrap\" data-name=\"number-663\"><input class=\"wpcf7-form-control wpcf7-number wpcf7-validates-as-number\" aria-invalid=\"false\" value=\"\" type=\"number\" name=\"number-663\" \/><\/span> <\/label>\n<\/p>\n<p><label> Ev Adresi:<br \/>\n<span class=\"wpcf7-form-control-wrap\" data-name=\"textarea-570\"><textarea cols=\"40\" rows=\"10\" class=\"wpcf7-form-control wpcf7-textarea\" aria-invalid=\"false\" name=\"textarea-570\"><\/textarea><\/span> <\/label>\n<\/p>\n<p><label> Ya\u015f\u0131:<br \/>\n<span class=\"wpcf7-form-control-wrap\" data-name=\"number-663\"><input class=\"wpcf7-form-control wpcf7-number wpcf7-validates-as-number\" aria-invalid=\"false\" value=\"\" type=\"number\" name=\"number-663\" \/><\/span> <\/label>\n<\/p>\n<p><label> E\u011fitim Durumu:<br \/>\n<span class=\"wpcf7-form-control-wrap\" data-name=\"text-387\"><input size=\"40\" class=\"wpcf7-form-control wpcf7-text\" aria-invalid=\"false\" value=\"\" type=\"text\" name=\"text-387\" \/><\/span> <\/label>\n<\/p>\n<p><label> \u0130\u015fi:<br \/>\n<span class=\"wpcf7-form-control-wrap\" data-name=\"text-387\"><input size=\"40\" class=\"wpcf7-form-control wpcf7-text\" aria-invalid=\"false\" value=\"\" type=\"text\" name=\"text-387\" \/><\/span> <\/label>\n<\/p>\n<p><label> \u00c7al\u0131\u015ft\u0131\u011f\u0131 Kurum - G\u00f6revi :<br \/>\n<span class=\"wpcf7-form-control-wrap\" data-name=\"text-387\"><input size=\"40\" class=\"wpcf7-form-control wpcf7-text\" aria-invalid=\"false\" value=\"\" type=\"text\" name=\"text-387\" \/><\/span> <\/label>\n<\/p>\n<p><label> E-posta Adresi:<br \/>\n<span class=\"wpcf7-form-control-wrap\" data-name=\"text-387\"><input size=\"40\" class=\"wpcf7-form-control wpcf7-text\" aria-invalid=\"false\" value=\"\" type=\"text\" name=\"text-387\" \/><\/span> <\/label>\n<\/p>\n<p><label> Cep Telefonu:<br \/>\n<span class=\"wpcf7-form-control-wrap\" data-name=\"number-663\"><input class=\"wpcf7-form-control wpcf7-number wpcf7-validates-as-number\" aria-invalid=\"false\" value=\"\" type=\"number\" name=\"number-663\" \/><\/span> <\/label>\n<\/p>\n<p><label> Ev Adresi:<br \/>\n<span class=\"wpcf7-form-control-wrap\" data-name=\"textarea-570\"><textarea cols=\"40\" rows=\"10\" class=\"wpcf7-form-control wpcf7-textarea\" aria-invalid=\"false\" name=\"textarea-570\"><\/textarea><\/span> <\/label>\n<\/p>\n<p>Anne ve baba d\u0131\u015f\u0131nda \u00e7ocu\u011fun bak\u0131m\u0131 d\u00fczenli olarak yapan biri var m\u0131? (bak\u0131c\u0131, anneanne,kre\u015f vb)<br \/>\n<span class=\"wpcf7-form-control-wrap\" data-name=\"textarea-570\"><textarea cols=\"40\" rows=\"10\" class=\"wpcf7-form-control wpcf7-textarea\" aria-invalid=\"false\" name=\"textarea-570\"><\/textarea><\/span>\n<\/p>\n<p>\u00c7ocu\u011funuzun hangi \u00f6zelli\u011fi sizi en \u00e7ok kayg\u0131land\u0131r\u0131yor?<br \/>\n<span class=\"wpcf7-form-control-wrap\" data-name=\"textarea-570\"><textarea cols=\"40\" rows=\"10\" class=\"wpcf7-form-control wpcf7-textarea\" aria-invalid=\"false\" name=\"textarea-570\"><\/textarea><\/span>\n<\/p>\n<p>Daha \u00f6nce herhangi bir uzman ya da kurum ile de\u011ferlendirme yapt\u0131n\u0131z m\u0131?<br \/>\n<span class=\"wpcf7-form-control-wrap\" data-name=\"textarea-570\"><textarea cols=\"40\" rows=\"10\" class=\"wpcf7-form-control wpcf7-textarea\" aria-invalid=\"false\" name=\"textarea-570\"><\/textarea><\/span>\n<\/p>\n<p>Hamileli\u011finiz s\u0131ras\u0131nda sorun ya\u015fad\u0131n\u0131z m\u0131?<br \/>\n<span class=\"wpcf7-form-control-wrap\" data-name=\"textarea-570\"><textarea cols=\"40\" rows=\"10\" class=\"wpcf7-form-control wpcf7-textarea\" aria-invalid=\"false\" name=\"textarea-570\"><\/textarea><\/span>\n<\/p>\n<p>Nas\u0131l do\u011fdu? (normal, sezeryan, ikiz vb.)<br \/>\n<span class=\"wpcf7-form-control-wrap\" data-name=\"textarea-570\"><textarea cols=\"40\" rows=\"10\" class=\"wpcf7-form-control wpcf7-textarea\" aria-invalid=\"false\" name=\"textarea-570\"><\/textarea><\/span>\n<\/p>\n<p>Do\u011fum s\u0131ras\u0131 veya sonras\u0131nda herhangi bir sorun oldu mu?<br \/>\n<span class=\"wpcf7-form-control-wrap\" data-name=\"textarea-570\"><textarea cols=\"40\" rows=\"10\" class=\"wpcf7-form-control wpcf7-textarea\" aria-invalid=\"false\" name=\"textarea-570\"><\/textarea><\/span>\n<\/p>\n<p>\u0130lk bir y\u0131l nas\u0131l bir bebekti a\u00e7\u0131klay\u0131n\u0131z<br \/>\n<span class=\"wpcf7-form-control-wrap\" data-name=\"textarea-570\"><textarea cols=\"40\" rows=\"10\" class=\"wpcf7-form-control wpcf7-textarea\" aria-invalid=\"false\" name=\"textarea-570\"><\/textarea><\/span>\n<\/p>\n<p>\u0130lk bir y\u0131lda bebe\u011fin bak\u0131m\u0131 zor muydu? Evet ise nedenini yaz\u0131n\u0131z<br \/>\n<span class=\"wpcf7-form-control-wrap\" data-name=\"textarea-570\"><textarea cols=\"40\" rows=\"10\" class=\"wpcf7-form-control wpcf7-textarea\" aria-invalid=\"false\" name=\"textarea-570\"><\/textarea><\/span>\n<\/p>\n<p><label> \u0130letiniz (tercihe ba\u011fl\u0131)<br \/>\n<span class=\"wpcf7-form-control-wrap\" data-name=\"your-message\"><textarea cols=\"40\" rows=\"10\" class=\"wpcf7-form-control wpcf7-textarea\" aria-invalid=\"false\" name=\"your-message\"><\/textarea><\/span> <\/label>\n<\/p>\n<p><input class=\"wpcf7-form-control has-spinner wpcf7-submit\" type=\"submit\" value=\"G\u00f6nder\" \/>\n<\/p><div class=\"wpcf7-response-output\" aria-hidden=\"true\"><\/div>\n<\/form>\n<\/div>\n<\/div><\/div><\/div><\/div><\/div><\/section>\n","protected":false},"excerpt":{"rendered":"","protected":false},"author":1,"featured_media":0,"parent":0,"menu_order":0,"comment_status":"closed","ping_status":"closed","template":"","meta":[],"_links":{"self":[{"href":"https:\/\/burcukaplan.com\/index.php\/wp-json\/wp\/v2\/pages\/204"}],"collection":[{"href":"https:\/\/burcukaplan.com\/index.php\/wp-json\/wp\/v2\/pages"}],"about":[{"href":"https:\/\/burcukaplan.com\/index.php\/wp-json\/wp\/v2\/types\/page"}],"author":[{"embeddable":true,"href":"https:\/\/burcukaplan.com\/index.php\/wp-json\/wp\/v2\/users\/1"}],"replies":[{"embeddable":true,"href":"https:\/\/burcukaplan.com\/index.php\/wp-json\/wp\/v2\/comments?post=204"}],"version-history":[{"count":4,"href":"https:\/\/burcukaplan.com\/index.php\/wp-json\/wp\/v2\/pages\/204\/revisions"}],"predecessor-version":[{"id":256,"href":"https:\/\/burcukaplan.com\/index.php\/wp-json\/wp\/v2\/pages\/204\/revisions\/256"}],"wp:attachment":[{"href":"https:\/\/burcukaplan.com\/index.php\/wp-json\/wp\/v2\/media?parent=204"}],"curies":[{"name":"wp","href":"https:\/\/api.w.org\/{rel}","templated":true}]}}