



{"id":24,"date":"2017-09-07T14:05:20","date_gmt":"2017-09-07T11:05:20","guid":{"rendered":"http:\/\/demo.lion-coders.com\/wp\/hello\/?page_id=24"},"modified":"2024-05-26T15:22:36","modified_gmt":"2024-05-26T12:22:36","slug":"blog","status":"publish","type":"page","link":"https:\/\/burcukaplan.com\/index.php\/blog\/","title":{"rendered":"MAKALELER\u0130M"},"content":{"rendered":"<section class=\"kc-elm kc-css-839970 kc_row\"><div class=\"kc-row-container\"><div class=\"kc-wrap-columns\"><div class=\"kc-elm kc-css-718091 kc_col-sm-12 kc_column kc_col-sm-12\"><div class=\"kc-col-container\"><div class=\"block-content\">\r\n    <h3 class=\"block-title\">\r\n    Faydal\u0131 Bilgiler    <\/h3>\r\n    <div class=\"row\">\r\n        <div class=\"col-md-10 mx-auto animated fadeInUp\">\r\n                                  \r\n            <div class=\"post-311 post type-post status-publish format-standard has-post-thumbnail hentry category-genel\">\r\n                                <div class=\"post-thumbnail\">\r\n                    <a href=\"https:\/\/burcukaplan.com\/index.php\/2023\/03\/07\/kadinlar-gunumuz-kutlu-olsun-mu-olmasin-mi-ne-kutlu-olsun\/\">\r\n                    <img width=\"990\" height=\"518\" src=\"https:\/\/burcukaplan.com\/wp-content\/uploads\/2023\/03\/VOTE-FOR-WOMEN.webp\" class=\"attachment-post-thumbnail size-post-thumbnail wp-post-image\" alt=\"\" decoding=\"async\" loading=\"lazy\" srcset=\"https:\/\/burcukaplan.com\/wp-content\/uploads\/2023\/03\/VOTE-FOR-WOMEN.webp 990w, https:\/\/burcukaplan.com\/wp-content\/uploads\/2023\/03\/VOTE-FOR-WOMEN-300x157.webp 300w, https:\/\/burcukaplan.com\/wp-content\/uploads\/2023\/03\/VOTE-FOR-WOMEN-768x402.webp 768w\" sizes=\"(max-width: 990px) 100vw, 990px\" \/>                    <\/a>\r\n                <\/div>\r\n                                <div class=\"post-title\">\r\n                    <a href=\"https:\/\/burcukaplan.com\/index.php\/2023\/03\/07\/kadinlar-gunumuz-kutlu-olsun-mu-olmasin-mi-ne-kutlu-olsun\/\"><h2>Kad\u0131nlar g\u00fcn\u00fcm\u00fcz kutlu olsun mu? OLMASIN MI? NE KUTLU OLSUN?<\/h2><\/a>\r\n                    <p class=\"post-info\">\r\n                        <span class=\"post-author\">Yaz\u0131y\u0131 y\u00fckleyen: Burcu KAPLAN<\/span>\r\n                        <span class=\"slash\"><\/span>\r\n                        <span class=\"post-date\">7 Mart 2023<\/span>\r\n                        <span class=\"slash\"><\/span>\r\n                        <span class=\"post-catetory\"><a href=\"https:\/\/burcukaplan.com\/index.php\/category\/genel\/\" rel=\"category tag\">Genel<\/a><\/span>\r\n                                            <\/p>\r\n                <\/div>\r\n                <div class=\"post-body\">\r\n                    <p>\u0130\u015fte b\u00f6yle kutlamalarda akl\u0131ma hep 'SAM\u0130M\u0130YET' kavram\u0131 geliyor.&nbsp; Samimiyet \u00fczerine bir \u00e7ok \u015fey geldi bug\u00fcn bu y\u00fczden yine akl\u0131ma. \u00dczerine d\u00fc\u015f\u00fcnd\u00fcm d\u00fc\u015f\u00fcnd\u00fcm ve kalemi ald\u0131m elime. Samimiyetse konu kalem de de\u011fil ge\u00e7tim telefonuma notlar k\u0131sm\u0131na<\/p>\r\n                    <a class=\"btn read-more-btn\" href=\"https:\/\/burcukaplan.com\/index.php\/2023\/03\/07\/kadinlar-gunumuz-kutlu-olsun-mu-olmasin-mi-ne-kutlu-olsun\/\">\r\n                    Devam\u0131n\u0131 oku..                    <\/a>\r\n                <\/div>\r\n            <\/div>\r\n                      \r\n            <div class=\"post-273 post type-post status-publish format-standard has-post-thumbnail hentry category-bebek-gelisimi category-dogum category-egitim\">\r\n                                <div class=\"post-thumbnail\">\r\n                    <a href=\"https:\/\/burcukaplan.com\/index.php\/2023\/01\/30\/hollandaya-hosgeldiniz\/\">\r\n                    <img width=\"381\" height=\"570\" src=\"https:\/\/burcukaplan.com\/wp-content\/uploads\/2023\/01\/bebegimi-beklerken.jpg\" class=\"attachment-post-thumbnail size-post-thumbnail wp-post-image\" alt=\"\" decoding=\"async\" loading=\"lazy\" srcset=\"https:\/\/burcukaplan.com\/wp-content\/uploads\/2023\/01\/bebegimi-beklerken.jpg 381w, https:\/\/burcukaplan.com\/wp-content\/uploads\/2023\/01\/bebegimi-beklerken-201x300.jpg 201w\" sizes=\"(max-width: 381px) 100vw, 381px\" \/>                    <\/a>\r\n                <\/div>\r\n                                <div class=\"post-title\">\r\n                    <a href=\"https:\/\/burcukaplan.com\/index.php\/2023\/01\/30\/hollandaya-hosgeldiniz\/\"><h2>HOLLANDA&#8217;YA HO\u015eGELD\u0130N\u0130Z.<\/h2><\/a>\r\n                    <p class=\"post-info\">\r\n                        <span class=\"post-author\">Yaz\u0131y\u0131 y\u00fckleyen: Burcu KAPLAN<\/span>\r\n                        <span class=\"slash\"><\/span>\r\n                        <span class=\"post-date\">30 Ocak 2023<\/span>\r\n                        <span class=\"slash\"><\/span>\r\n                        <span class=\"post-catetory\"><a href=\"https:\/\/burcukaplan.com\/index.php\/category\/bebek-gelisimi\/\" rel=\"category tag\">Bebek Geli\u015fimi<\/a>, <a href=\"https:\/\/burcukaplan.com\/index.php\/category\/dogum\/\" rel=\"category tag\">Do\u011fum<\/a>, <a href=\"https:\/\/burcukaplan.com\/index.php\/category\/egitim\/\" rel=\"category tag\">E\u011fitim<\/a><\/span>\r\n                                            <\/p>\r\n                <\/div>\r\n                <div class=\"post-body\">\r\n                    <p>Bir bebek sahibi olaca\u011f\u0131n\u0131z\u0131 anlad\u0131\u011f\u0131n\u0131zda ya\u015fad\u0131\u011f\u0131n\u0131z duygu, \u0130talya\u2019ya g\u00fczel bir seyahat plan\u0131 yapmaya benzer. \u0130talya hakk\u0131nda bir s\u00fcr\u00fc kitap, bro\u015f\u00fcr al\u0131rs\u0131n\u0131z. Harika planlar yapmaya ba\u015flars\u0131n\u0131z: Collessium, Mikalanjelo\u2019nun Davut\u2019u, Venedik\u2019te gondollar\u2026 \u0130talyanca birka\u00e7 s\u00f6zc\u00fck bile \u00f6\u011frenirsiniz.<\/p>\r\n                    <a class=\"btn read-more-btn\" href=\"https:\/\/burcukaplan.com\/index.php\/2023\/01\/30\/hollandaya-hosgeldiniz\/\">\r\n                    Devam\u0131n\u0131 oku..                    <\/a>\r\n                <\/div>\r\n            <\/div>\r\n                      \r\n            <div class=\"post-264 post type-post status-publish format-standard has-post-thumbnail hentry category-bebek-gelisimi category-cocuk-gelisimi\">\r\n                                <div class=\"post-thumbnail\">\r\n                    <a href=\"https:\/\/burcukaplan.com\/index.php\/2023\/01\/27\/dha-eksikligi-nedir-dha-eksikliginde-neler-yapilir\/\">\r\n                    <img width=\"708\" height=\"350\" src=\"https:\/\/burcukaplan.com\/wp-content\/uploads\/2023\/01\/dha-eksikligi-nedir.jpg\" class=\"attachment-post-thumbnail size-post-thumbnail wp-post-image\" alt=\"\" decoding=\"async\" loading=\"lazy\" srcset=\"https:\/\/burcukaplan.com\/wp-content\/uploads\/2023\/01\/dha-eksikligi-nedir.jpg 708w, https:\/\/burcukaplan.com\/wp-content\/uploads\/2023\/01\/dha-eksikligi-nedir-300x148.jpg 300w\" sizes=\"(max-width: 708px) 100vw, 708px\" \/>                    <\/a>\r\n                <\/div>\r\n                                <div class=\"post-title\">\r\n                    <a href=\"https:\/\/burcukaplan.com\/index.php\/2023\/01\/27\/dha-eksikligi-nedir-dha-eksikliginde-neler-yapilir\/\"><h2>DHA Eksikli\u011fi Nedir? DHA Eksikli\u011finde Neler Yap\u0131l\u0131r?<\/h2><\/a>\r\n                    <p class=\"post-info\">\r\n                        <span class=\"post-author\">Yaz\u0131y\u0131 y\u00fckleyen: Burcu KAPLAN<\/span>\r\n                        <span class=\"slash\"><\/span>\r\n                        <span class=\"post-date\">27 Ocak 2023<\/span>\r\n                        <span class=\"slash\"><\/span>\r\n                        <span class=\"post-catetory\"><a href=\"https:\/\/burcukaplan.com\/index.php\/category\/bebek-gelisimi\/\" rel=\"category tag\">Bebek Geli\u015fimi<\/a>, <a href=\"https:\/\/burcukaplan.com\/index.php\/category\/cocuk-gelisimi\/\" rel=\"category tag\">\u00c7ocuk Geli\u015fimi<\/a><\/span>\r\n                                            <\/p>\r\n                <\/div>\r\n                <div class=\"post-body\">\r\n                    <p>DHA, h\u00fccrenin ve h\u00fccre zar\u0131n\u0131n \u00f6nemli bir par\u00e7as\u0131d\u0131r, \u00f6zellikle beyinde ve g\u00f6zde hayati bir rol oynamaktad\u0131r. \u00c7ocuklar\u0131n beyinlerinin olu\u015fmas\u0131 i\u00e7in hamilelik d\u00f6neminde de \u00e7ok \u00f6nemlidir. Bu anlamda beyinde DHA eksikli\u011fi \u00e7ok \u00f6nemli rahats\u0131zl\u0131klara sebep olmaktad\u0131r.<\/p>\r\n                    <a class=\"btn read-more-btn\" href=\"https:\/\/burcukaplan.com\/index.php\/2023\/01\/27\/dha-eksikligi-nedir-dha-eksikliginde-neler-yapilir\/\">\r\n                    Devam\u0131n\u0131 oku..                    <\/a>\r\n                <\/div>\r\n            <\/div>\r\n                      \r\n            <div class=\"post-257 post type-post status-publish format-standard has-post-thumbnail hentry category-cocuk-gelisimi category-egitim category-oyun\">\r\n                                <div class=\"post-thumbnail\">\r\n                    <a href=\"https:\/\/burcukaplan.com\/index.php\/2023\/01\/27\/oyunlastirma-nedir\/\">\r\n                    <img width=\"560\" height=\"384\" src=\"https:\/\/burcukaplan.com\/wp-content\/uploads\/2023\/01\/oyunlastirma-nedir.jpg\" class=\"attachment-post-thumbnail size-post-thumbnail wp-post-image\" alt=\"\" decoding=\"async\" loading=\"lazy\" srcset=\"https:\/\/burcukaplan.com\/wp-content\/uploads\/2023\/01\/oyunlastirma-nedir.jpg 560w, https:\/\/burcukaplan.com\/wp-content\/uploads\/2023\/01\/oyunlastirma-nedir-300x206.jpg 300w\" sizes=\"(max-width: 560px) 100vw, 560px\" \/>                    <\/a>\r\n                <\/div>\r\n                                <div class=\"post-title\">\r\n                    <a href=\"https:\/\/burcukaplan.com\/index.php\/2023\/01\/27\/oyunlastirma-nedir\/\"><h2>Oyunla\u015ft\u0131rma Nedir?<\/h2><\/a>\r\n                    <p class=\"post-info\">\r\n                        <span class=\"post-author\">Yaz\u0131y\u0131 y\u00fckleyen: Burcu KAPLAN<\/span>\r\n                        <span class=\"slash\"><\/span>\r\n                        <span class=\"post-date\">27 Ocak 2023<\/span>\r\n                        <span class=\"slash\"><\/span>\r\n                        <span class=\"post-catetory\"><a href=\"https:\/\/burcukaplan.com\/index.php\/category\/cocuk-gelisimi\/\" rel=\"category tag\">\u00c7ocuk Geli\u015fimi<\/a>, <a href=\"https:\/\/burcukaplan.com\/index.php\/category\/egitim\/\" rel=\"category tag\">E\u011fitim<\/a>, <a href=\"https:\/\/burcukaplan.com\/index.php\/category\/oyun\/\" rel=\"category tag\">Oyun<\/a><\/span>\r\n                                            <\/p>\r\n                <\/div>\r\n                <div class=\"post-body\">\r\n                    <p>Oyunla\u015ft\u0131rma \u2013&nbsp;\u0130lk bak\u0131\u015fta, \u00e7ocuklu\u011fumuzdan bu yana al\u0131\u015fageldi\u011fimiz e\u011flenceli bir eylemden s\u00f6z ediyor gibiyiz. Oyunla\u015ft\u0131rma, bunlardan \u00e7ok daha fazlas\u0131d\u0131r. Bug\u00fcn bir\u00e7ok kurulu\u015f, m\u00fc\u015fterileri, tedarik\u00e7ileri ve \u00e7al\u0131\u015fanlar\u0131 ile oyunla\u015ft\u0131rma tekni\u011fini kullanarak kurulu\u015f ama\u00e7lar\u0131n\u0131 ger\u00e7ekle\u015ftirmeye \u00e7al\u0131\u015f\u0131yor. Bu yeni<\/p>\r\n                    <a class=\"btn read-more-btn\" href=\"https:\/\/burcukaplan.com\/index.php\/2023\/01\/27\/oyunlastirma-nedir\/\">\r\n                    Devam\u0131n\u0131 oku..                    <\/a>\r\n                <\/div>\r\n            <\/div>\r\n                        <div class=\"text-center\">\r\n                                    <\/div>\r\n        <\/div>\r\n    <\/div>\r\n<\/div>\r\n\r\n<\/div><\/div><\/div><\/div><\/section>\n","protected":false},"excerpt":{"rendered":"","protected":false},"author":1,"featured_media":0,"parent":0,"menu_order":0,"comment_status":"closed","ping_status":"closed","template":"","meta":[],"_links":{"self":[{"href":"https:\/\/burcukaplan.com\/index.php\/wp-json\/wp\/v2\/pages\/24"}],"collection":[{"href":"https:\/\/burcukaplan.com\/index.php\/wp-json\/wp\/v2\/pages"}],"about":[{"href":"https:\/\/burcukaplan.com\/index.php\/wp-json\/wp\/v2\/types\/page"}],"author":[{"embeddable":true,"href":"https:\/\/burcukaplan.com\/index.php\/wp-json\/wp\/v2\/users\/1"}],"replies":[{"embeddable":true,"href":"https:\/\/burcukaplan.com\/index.php\/wp-json\/wp\/v2\/comments?post=24"}],"version-history":[{"count":3,"href":"https:\/\/burcukaplan.com\/index.php\/wp-json\/wp\/v2\/pages\/24\/revisions"}],"predecessor-version":[{"id":362,"href":"https:\/\/burcukaplan.com\/index.php\/wp-json\/wp\/v2\/pages\/24\/revisions\/362"}],"wp:attachment":[{"href":"https:\/\/burcukaplan.com\/index.php\/wp-json\/wp\/v2\/media?parent=24"}],"curies":[{"name":"wp","href":"https:\/\/api.w.org\/{rel}","templated":true}]}}