



{"id":26,"date":"2017-09-07T14:05:30","date_gmt":"2017-09-07T14:05:30","guid":{"rendered":"http:\/\/demo.lion-coders.com\/wp\/hello\/?page_id=26"},"modified":"2023-01-30T13:35:32","modified_gmt":"2023-01-30T10:35:32","slug":"iletisim","status":"publish","type":"page","link":"https:\/\/burcukaplan.com\/index.php\/iletisim\/","title":{"rendered":"\u0130LET\u0130\u015e\u0130M"},"content":{"rendered":"<section class=\"kc-elm kc-css-447744 kc_row\"><div class=\"kc-row-container\"><div class=\"kc-wrap-columns\"><div class=\"kc-elm kc-css-732133 kc_col-sm-12 kc_column kc_col-sm-12\"><div class=\"kc-col-container\"><div class=\"block-content\">\r\n    <h3 class=\"block-title\">\u0130leti\u015fim Formu<\/h3>\r\n    <div class=\"row\">\r\n        <div class=\"col-md-6\">\r\n            <div id=\"contactForm\">\r\n            \n<div class=\"wpcf7 no-js\" id=\"wpcf7-f100-o1\" lang=\"en-US\" dir=\"ltr\">\n<div class=\"screen-reader-response\"><p role=\"status\" aria-live=\"polite\" aria-atomic=\"true\"><\/p> <ul><\/ul><\/div>\n<form action=\"\/index.php\/wp-json\/wp\/v2\/pages\/26#wpcf7-f100-o1\" method=\"post\" class=\"wpcf7-form init\" aria-label=\"Contact form\" novalidate=\"novalidate\" data-status=\"init\">\n<div style=\"display: none;\">\n<input type=\"hidden\" name=\"_wpcf7\" value=\"100\" \/>\n<input type=\"hidden\" name=\"_wpcf7_version\" value=\"5.7.6\" \/>\n<input type=\"hidden\" name=\"_wpcf7_locale\" value=\"en_US\" \/>\n<input type=\"hidden\" name=\"_wpcf7_unit_tag\" value=\"wpcf7-f100-o1\" \/>\n<input type=\"hidden\" name=\"_wpcf7_container_post\" value=\"0\" \/>\n<input type=\"hidden\" name=\"_wpcf7_posted_data_hash\" value=\"\" \/>\n<\/div>\n<div class=\"form-group\">\n\t<p><span class=\"wpcf7-form-control-wrap\" data-name=\"text-557\"><input size=\"40\" class=\"wpcf7-form-control wpcf7-text wpcf7-validates-as-required form-control\" aria-required=\"true\" aria-invalid=\"false\" placeholder=\"* Ad\u0131n\u0131z\" value=\"\" type=\"text\" name=\"text-557\" \/><\/span>\n\t<\/p>\n<\/div>\n<div class=\"form-group\">\n\t<p><span class=\"wpcf7-form-control-wrap\" data-name=\"email-431\"><input size=\"40\" class=\"wpcf7-form-control wpcf7-text wpcf7-email wpcf7-validates-as-required wpcf7-validates-as-email form-control\" aria-required=\"true\" aria-invalid=\"false\" placeholder=\"*Email Adresiniz\" value=\"\" type=\"email\" name=\"email-431\" \/><\/span>\n\t<\/p>\n<\/div>\n<div class=\"form-group\">\n\t<p><span class=\"wpcf7-form-control-wrap\" data-name=\"textarea-779\"><textarea cols=\"40\" rows=\"10\" class=\"wpcf7-form-control wpcf7-textarea wpcf7-validates-as-required form-control textarea\" aria-required=\"true\" aria-invalid=\"false\" placeholder=\"* Mesaj\u0131n\u0131z\" name=\"textarea-779\"><\/textarea><\/span>\n\t<\/p>\n<\/div>\n<div class=\"form-group\">\n\t<p><input class=\"wpcf7-form-control has-spinner wpcf7-submit btn\" type=\"submit\" value=\"G\u00f6nder\" \/>\n\t<\/p>\n<\/div><div class=\"wpcf7-response-output\" aria-hidden=\"true\"><\/div>\n<\/form>\n<\/div>\n   \r\n            <\/div>\r\n        <\/div>\r\n        <div class=\"col-md-5 offset-md-1\">\r\n                            <div class=\"contact-content\">\r\n                    <div class=\"contact-icon\">\r\n                        <i class=\"ion-ios-location-outline\"><\/i>\r\n                    <\/div>\r\n                    <div class=\"contact-details\">\r\n                        <h5>Adres<\/h5>\r\n                        <p>Kaz\u0131m Karabekir Cad. \u00c7elik Apt. No: 32\/2 Muratpa\u015fa\/ANTALYA<\/p>\r\n                    <\/div>\r\n                <\/div>\r\n                            <div class=\"contact-content\">\r\n                    <div class=\"contact-icon\">\r\n                        <i class=\"ion-ios-telephone-outline\"><\/i>\r\n                    <\/div>\r\n                    <div class=\"contact-details\">\r\n                        <h5>Telefon<\/h5>\r\n                        <p>0242 410 48 07<\/p>\r\n                    <\/div>\r\n                <\/div>\r\n                            <div class=\"contact-content\">\r\n                    <div class=\"contact-icon\">\r\n                        <i class=\"ion-ios-email-outline\"><\/i>\r\n                    <\/div>\r\n                    <div class=\"contact-details\">\r\n                        <h5>Email<\/h5>\r\n                        <p>info@burcukaplan.com<\/p>\r\n                    <\/div>\r\n                <\/div>\r\n                    <\/div>\r\n                \r\n        <div class=\"col-md-12\">\r\n            <!--Google Map-->\r\n            <div id=\"map\" data-latitude=\"36.890004\" data-longitude=\"30.680014\" data-markericon=\"\">\r\n            <\/div>\r\n            <!--Google Map End-->\r\n        <\/div>\r\n            <\/div>\r\n<\/div><\/div><\/div><\/div><\/div><\/section>\n","protected":false},"excerpt":{"rendered":"","protected":false},"author":1,"featured_media":0,"parent":0,"menu_order":0,"comment_status":"closed","ping_status":"closed","template":"","meta":[],"_links":{"self":[{"href":"https:\/\/burcukaplan.com\/index.php\/wp-json\/wp\/v2\/pages\/26"}],"collection":[{"href":"https:\/\/burcukaplan.com\/index.php\/wp-json\/wp\/v2\/pages"}],"about":[{"href":"https:\/\/burcukaplan.com\/index.php\/wp-json\/wp\/v2\/types\/page"}],"author":[{"embeddable":true,"href":"https:\/\/burcukaplan.com\/index.php\/wp-json\/wp\/v2\/users\/1"}],"replies":[{"embeddable":true,"href":"https:\/\/burcukaplan.com\/index.php\/wp-json\/wp\/v2\/comments?post=26"}],"version-history":[{"count":5,"href":"https:\/\/burcukaplan.com\/index.php\/wp-json\/wp\/v2\/pages\/26\/revisions"}],"predecessor-version":[{"id":276,"href":"https:\/\/burcukaplan.com\/index.php\/wp-json\/wp\/v2\/pages\/26\/revisions\/276"}],"wp:attachment":[{"href":"https:\/\/burcukaplan.com\/index.php\/wp-json\/wp\/v2\/media?parent=26"}],"curies":[{"name":"wp","href":"https:\/\/api.w.org\/{rel}","templated":true}]}}