



{"id":389,"date":"2024-05-26T17:23:35","date_gmt":"2024-05-26T14:23:35","guid":{"rendered":"https:\/\/burcukaplan.com\/?page_id=389"},"modified":"2024-05-26T17:36:09","modified_gmt":"2024-05-26T14:36:09","slug":"masal-terapisi","status":"publish","type":"page","link":"https:\/\/burcukaplan.com\/index.php\/masal-terapisi\/","title":{"rendered":"MASAL TERAP\u0130S\u0130"},"content":{"rendered":"<p><section class=\"kc-elm kc-css-377760 kc_row\"><div class=\"kc-row-container  kc-container\"><div class=\"kc-wrap-columns\"><div class=\"kc-elm kc-css-791847 kc_col-sm-12 kc_column kc_col-sm-12\"><div class=\"kc-col-container\">\n<div class=\"kc-elm kc-css-914668 kc-title-wrap \">\n\n\t<h2 class=\"kc_title\">MASAL TERAP\u0130S\u0130<\/h2><hr \/>\n<\/div>\n<\/div><\/div><\/div><\/div><\/section><section class=\"kc-elm kc-css-129657 kc_row\"><div class=\"kc-row-container  kc-container\"><div class=\"kc-wrap-columns\"><div class=\"kc-elm kc-css-561610 kc_col-sm-12 kc_column kc_col-sm-12\"><div class=\"kc-col-container\"><\/div><\/div><\/div><\/div><\/section><section class=\"kc-elm kc-css-408129 kc_row\"><div class=\"kc-row-container  kc-container\"><div class=\"kc-wrap-columns\"><div class=\"kc-elm kc-css-646859 kc_col-sm-12 kc_column kc_col-sm-12\"><div class=\"kc-col-container\"><div class=\"kc-elm kc-css-685180 kc_text_block\"><\/p>\n<p><strong>MASAL TERAP\u0130S\u0130 NED\u0130R?<\/strong><\/p>\n<p>\u00c7ocukluk d\u00f6nemi, yeti\u015fkinlik hayat\u0131nda ya\u015fan\u0131lan problemlerin bir\u00e7o\u011funa ev sahipli\u011fi yapar. Bu y\u00fczden bireylerin ki\u015fili\u011fi ve gelece\u011fi \u00e7ocuklu\u011fuyla yak\u0131ndan ili\u015fkilidir. \u00c7ocuklukta ya\u015fanan sorunlar yeti\u015fkinlik hayat\u0131nda ele aya\u011fa dolanabildi\u011finden \u00e7ocuklar\u0131n ya\u015fad\u0131\u011f\u0131 problemler dikkatlice ele al\u0131nmal\u0131d\u0131r. Fakat \u015f\u00f6yle bir sorun var ki \u00e7ocuklar yeti\u015fkinler gibi de\u011fil. Sorunlar\u0131n\u0131n fark\u0131na var\u0131p, \u00e7\u00f6z\u00fcm arama giri\u015fiminde bulunmazlar. \u0130\u015fte bu noktada masal terapisi ila\u00e7 gibi bir y\u00f6ntem olarak kar\u015f\u0131m\u0131za \u00e7\u0131kmaktad\u0131r. \u00c7ocuklar kendilerini kelimelerle ifade etmezler. Masal terapisi, \u00e7ocu\u011fa kelimeler kullanmas\u0131na gerek kalmadan kendisini ifade etme f\u0131rsat\u0131 tan\u0131r. \u00c7\u00fcnk\u00fc masallar ki\u015finin do\u011frudan ifade edemeyece\u011fi ya da ifade etmek istemedi\u011fi duygudurumlar\u0131 ve d\u00fc\u015f\u00fcncelerini, sembolik olarak anlatabilmenin bir yoludur. Masal materyalleri arac\u0131l\u0131\u011f\u0131yla \u00e7ocuk sorunlar\u0131n\u0131 alg\u0131lay\u0131p, ba\u015f etme becerisi kazan\u0131r. Masal terapisi, ki\u015finin anlam d\u00fcnyas\u0131na ula\u015fmaya yarayan terap\u00f6tik bir y\u00f6ntemdir. Masal terapisi, masallar ve hikayeler arac\u0131l\u0131\u011f\u0131yla \u00e7ocuklar\u0131n ihtiya\u00e7lar\u0131n\u0131 ifade etmelerini sa\u011flayan bir terapi tekni\u011fidir. Bir\u00e7ok insan masal terapisinin \u00e7ocu\u011fa uygun olan masallar\u0131n sesli okunmas\u0131ndan ibaret oldu\u011funu d\u00fc\u015f\u00fcn\u00fcr; fakat terapi k\u0131sm\u0131 bunun \u00e7ok daha \u00f6tesindedir. Basit bir eylem olarak alg\u0131lanmamal\u0131d\u0131r.<\/p>\n<p>Masal terapisi s\u00fcrecinin sonunda \u00e7ocuk ya\u015fad\u0131\u011f\u0131 duygusal zorluklar\u0131 gidermi\u015f olur ve \u00e7ocu\u011fun geli\u015fimi sa\u011fl\u0131kl\u0131 bir bi\u00e7imde ilerlemeye devam eder. Masallar, ki\u015finin do\u011frudan ifade edemeyece\u011fi ya da ifade etmek istemedi\u011fi duygudurumlar\u0131 ve d\u00fc\u015f\u00fcncelerini, sembolik olarak anlatabilmenin bir yoludur. \u00c7ocuklar\u0131n i\u00e7sel s\u00fcre\u00e7lerini, zorland\u0131\u011f\u0131 noktalar\u0131 yeti\u015fkinler gibi a\u00e7\u0131k\u00e7a ifade etmesi pek m\u00fcmk\u00fcn olmuyor; fakat \u00e7ocukla masal \u00fczerinden konu\u015fuldu\u011funda \u00e7ocu\u011fun kendi i\u00e7sel s\u00fcreci daha kolay bir \u015fekilde d\u0131\u015far\u0131ya \u00e7\u0131k\u0131yor. Masal terapisi de, \u00e7ocuklar\u0131n kendi anlam d\u00fcnyas\u0131n\u0131 ifade etmelerini kolayla\u015ft\u0131r\u0131c\u0131 bir y\u00f6ntem olarak kar\u015f\u0131m\u0131za \u00e7\u0131kmaktad\u0131r.<\/p>\n<p>Masal terapisiyle \u00e7ocuklar\u0131n ya\u015fad\u0131\u011f\u0131 duygusal s\u0131k\u0131nt\u0131lar ve g\u00fcnl\u00fck ya\u015fam i\u00e7erisindeki zorluklar \u00e7ocukla birlikte ayr\u0131nt\u0131land\u0131r\u0131l\u0131r. \u00d6rne\u011fin; kayg\u0131, korku, \u00fcz\u00fcnt\u00fc ya da stres gibi duygular\u0131 ya\u015fayan \u00e7ocuk masal s\u00fcreci i\u00e7erisinde duygular\u0131n\u0131n fark\u0131na varabiliyor ve bu duygular\u0131 masallarla birlikte ifade etmeye ba\u015fl\u0131yor. Masal terapisti de \u00e7ocu\u011fun anlatt\u0131klar\u0131n\u0131 g\u00f6zlemleriyle birlikte belirli bir \u00e7er\u00e7evede geni\u015fletiyor. B\u00f6ylelikle \u00e7ocu\u011fun anla\u015f\u0131lma s\u00fcreci \u00e7ok daha kolayla\u015fm\u0131\u015f oluyor. Yani masallar\u0131n \u00e7ocu\u011fu anlama s\u00fcrecini h\u0131zland\u0131rmaya yarad\u0131\u011f\u0131 s\u00f6ylenebilir.<\/p>\n<\/p>\n<p>\n<\/div><\/div><\/div><\/div><\/div><\/section><section class=\"kc-elm kc-css-446785 kc_row\"><div class=\"kc-row-container  kc-container\"><div class=\"kc-wrap-columns\"><div class=\"kc-elm kc-css-838622 kc_col-sm-12 kc_column kc_col-sm-12\"><div class=\"kc-col-container\">\n<div class=\"kc-elm kc-css-900187 kc-call-to-action kc-cta-3 kc-is-button\">\n\n\t<div class=\"kc-cta-desc\"><h2>De\u011ferlendirme ve Aile Bilgi Formu<\/h2><div class=\"kc-cta-text\">Detayl\u0131 bilgi almak i\u00e7in formu doldurunuz.\r\nUzmanlar\u0131m\u0131z en k\u0131sa s\u00fcrede sizinle ileti\u015fime ge\u00e7ecektir.<\/div><\/div><div class=\"kc-cta-button\"><a href=\"https:\/\/burcukaplan.com\/index.php\/degerlendirme-ve-aile-bilgi-formu\/\" title=\"DE\u011eERLEND\u0130RME VE A\u0130LE B\u0130LG\u0130 FORMU\">Forma git <span class=\"kc-cta-icon\"><i class=\"fab-wpforms\"><\/i><\/span><\/a><\/div>\n<\/div>\n<\/div><\/div><\/div><\/div><\/section><section class=\"kc-elm kc-css-410352 kc_row\"><div class=\"kc-row-container  kc-container\"><div class=\"kc-wrap-columns\"><div class=\"kc-elm kc-css-571144 kc_col-sm-12 kc_column kc_col-sm-12\"><div class=\"kc-col-container\"><div class=\"kc-elm kc-css-487286 kc_text_block\"><\/p>\n<p>\n<\/div><\/div><\/div><\/div><\/div><\/section><\/p>\n","protected":false},"excerpt":{"rendered":"","protected":false},"author":1,"featured_media":0,"parent":0,"menu_order":0,"comment_status":"closed","ping_status":"closed","template":"","meta":[],"_links":{"self":[{"href":"https:\/\/burcukaplan.com\/index.php\/wp-json\/wp\/v2\/pages\/389"}],"collection":[{"href":"https:\/\/burcukaplan.com\/index.php\/wp-json\/wp\/v2\/pages"}],"about":[{"href":"https:\/\/burcukaplan.com\/index.php\/wp-json\/wp\/v2\/types\/page"}],"author":[{"embeddable":true,"href":"https:\/\/burcukaplan.com\/index.php\/wp-json\/wp\/v2\/users\/1"}],"replies":[{"embeddable":true,"href":"https:\/\/burcukaplan.com\/index.php\/wp-json\/wp\/v2\/comments?post=389"}],"version-history":[{"count":4,"href":"https:\/\/burcukaplan.com\/index.php\/wp-json\/wp\/v2\/pages\/389\/revisions"}],"predecessor-version":[{"id":441,"href":"https:\/\/burcukaplan.com\/index.php\/wp-json\/wp\/v2\/pages\/389\/revisions\/441"}],"wp:attachment":[{"href":"https:\/\/burcukaplan.com\/index.php\/wp-json\/wp\/v2\/media?parent=389"}],"curies":[{"name":"wp","href":"https:\/\/api.w.org\/{rel}","templated":true}]}}