



{"id":399,"date":"2024-05-26T17:27:14","date_gmt":"2024-05-26T14:27:14","guid":{"rendered":"https:\/\/burcukaplan.com\/?page_id=399"},"modified":"2024-05-26T17:27:14","modified_gmt":"2024-05-26T14:27:14","slug":"cocuk-ve-ergen-yogasi","status":"publish","type":"page","link":"https:\/\/burcukaplan.com\/index.php\/cocuk-ve-ergen-yogasi\/","title":{"rendered":"\u00c7OCUK VE ERGEN YOGASI"},"content":{"rendered":"<p><section class=\"kc-elm kc-css-983747 kc_row\"><div class=\"kc-row-container  kc-container\"><div class=\"kc-wrap-columns\"><div class=\"kc-elm kc-css-78988 kc_col-sm-12 kc_column kc_col-sm-12\"><div class=\"kc-col-container\">\n<div class=\"kc-elm kc-css-35278 kc-title-wrap \">\n\n\t<h2 class=\"kc_title\">\u00c7OCUK VE ERGEN YOGASI<\/h2><hr \/>\n<\/div>\n<\/div><\/div><\/div><\/div><\/section><section class=\"kc-elm kc-css-674334 kc_row\"><div class=\"kc-row-container  kc-container\"><div class=\"kc-wrap-columns\"><div class=\"kc-elm kc-css-362182 kc_col-sm-12 kc_column kc_col-sm-12\"><div class=\"kc-col-container\"><\/div><\/div><\/div><\/div><\/section><section class=\"kc-elm kc-css-665541 kc_row\"><div class=\"kc-row-container  kc-container\"><div class=\"kc-wrap-columns\"><div class=\"kc-elm kc-css-492930 kc_col-sm-12 kc_column kc_col-sm-12\"><div class=\"kc-col-container\"><div class=\"kc-elm kc-css-55993 kc_text_block\"><\/p>\n<p>\u00c7OCUK VE ERGEN YOGASI<\/p>\n<p>\u00c7ocuk yogas\u0131 e\u011fitmenli\u011fi amac\u0131 \u00e7ocuklar\u0131n e\u011flenceli bir \u015fekilde yoga yapmas\u0131n\u0131 sa\u011flamakt\u0131r. Oyun, \u015fark\u0131 ve meditasyon hareketlerini bir arada kullan\u0131p \u00e7ocu\u011fu her a\u00e7\u0131dan geli\u015ftirmektir. E\u011fitmen, verdi\u011fi e\u011fitimler ile \u00e7ocu\u011fun kendinin fark\u0131na varmas\u0131n\u0131 sa\u011flar ve \u00e7evresine kar\u015f\u0131 alg\u0131lar\u0131n\u0131 a\u00e7ar.<\/p>\n<p>Yoga; ki\u015finin kendine, do\u011faya ve canl\u0131lara olan sayg\u0131s\u0131n\u0131 geli\u015ftirir. Ruha d\u00f6n\u00fc\u015f\u00fc sa\u011flayan disiplinlerden oldu\u011fundan \u00e7ocuklar\u0131n kendini bulmas\u0131n\u0131 da sa\u011flar. Yeti\u015fkin yogas\u0131 yap\u0131l\u0131rken fark\u0131ndal\u0131k ve bilin\u00e7 \u00e7al\u0131\u015fmalar\u0131 \u00f6n planda iken \u00e7ocuklarda y\u00f6ntem de\u011fi\u015fir. \u015eark\u0131, hikaye, oyun, dans, m\u00fczik ve \u00e7e\u015fitli fig\u00fcrler ile \u00e7ocuk yogas\u0131 yap\u0131l\u0131r. Oyun i\u00e7erisinde \u00e7ocu\u011fun fark\u0131ndal\u0131klar\u0131n\u0131 geli\u015ftirecek yoga meditasyon egzersizleri kullan\u0131l\u0131r. \u00c7ocuk yogas\u0131 e\u011fitmenli\u011fi e\u011fitim almadan yap\u0131labilecek mesleklerden de\u011fildir. E\u011fitmenlik yapabilmek ve teknikleri \u00f6\u011fretmek i\u00e7in e\u011fitimlerle kendinizi geli\u015ftirmeniz gerekir. Yeti\u015fkinlerin anlamland\u0131rmakta zorlanmad\u0131\u011f\u0131 hareketler \u00e7ocuklara farkl\u0131 gelebildi\u011fi gibi e\u011fitim s\u00fcresince de s\u0131k\u0131l\u0131rlar. \u00c7ocuk yogas\u0131 e\u011fitmenli\u011fi amac\u0131 \u00e7ocuklar\u0131n e\u011flenceli bir \u015fekilde yoga yapmas\u0131n\u0131 sa\u011flamakt\u0131r. Oyun, \u015fark\u0131 ve meditasyon hareketlerini bir arada kullan\u0131p \u00e7ocu\u011fu her a\u00e7\u0131dan geli\u015ftirmektir. E\u011fitmen, verdi\u011fi e\u011fitimler ile \u00e7ocu\u011fun kendinin fark\u0131na varmas\u0131n\u0131 sa\u011flar ve \u00e7evresine kar\u015f\u0131 alg\u0131lar\u0131n\u0131 a\u00e7ar. \u00c7ocuk do\u011fa, canl\u0131lar ve hayvanlar\u0131n fark\u0131na var\u0131r.<\/p>\n<p>\n<\/div><\/div><\/div><\/div><\/div><\/section><section class=\"kc-elm kc-css-927474 kc_row\"><div class=\"kc-row-container  kc-container\"><div class=\"kc-wrap-columns\"><div class=\"kc-elm kc-css-194495 kc_col-sm-12 kc_column kc_col-sm-12\"><div class=\"kc-col-container\">\n<div class=\"kc-elm kc-css-848579 kc-call-to-action kc-cta-3 kc-is-button\">\n\n\t<div class=\"kc-cta-desc\"><h2>De\u011ferlendirme ve Aile Bilgi Formu<\/h2><div class=\"kc-cta-text\">Detayl\u0131 bilgi almak i\u00e7in formu doldurunuz.\r\nUzmanlar\u0131m\u0131z en k\u0131sa s\u00fcrede sizinle ileti\u015fime ge\u00e7ecektir.<\/div><\/div><div class=\"kc-cta-button\"><a href=\"https:\/\/burcukaplan.com\/index.php\/degerlendirme-ve-aile-bilgi-formu\/\" title=\"DE\u011eERLEND\u0130RME VE A\u0130LE B\u0130LG\u0130 FORMU\">Forma git <span class=\"kc-cta-icon\"><i class=\"fab-wpforms\"><\/i><\/span><\/a><\/div>\n<\/div>\n<\/div><\/div><\/div><\/div><\/section><section class=\"kc-elm kc-css-53818 kc_row\"><div class=\"kc-row-container  kc-container\"><div class=\"kc-wrap-columns\"><div class=\"kc-elm kc-css-933543 kc_col-sm-12 kc_column kc_col-sm-12\"><div class=\"kc-col-container\"><div class=\"kc-elm kc-css-196236 kc_text_block\"><\/div><\/div><\/div><\/div><\/div><\/section><\/p>\n","protected":false},"excerpt":{"rendered":"","protected":false},"author":1,"featured_media":0,"parent":0,"menu_order":0,"comment_status":"closed","ping_status":"closed","template":"","meta":[],"_links":{"self":[{"href":"https:\/\/burcukaplan.com\/index.php\/wp-json\/wp\/v2\/pages\/399"}],"collection":[{"href":"https:\/\/burcukaplan.com\/index.php\/wp-json\/wp\/v2\/pages"}],"about":[{"href":"https:\/\/burcukaplan.com\/index.php\/wp-json\/wp\/v2\/types\/page"}],"author":[{"embeddable":true,"href":"https:\/\/burcukaplan.com\/index.php\/wp-json\/wp\/v2\/users\/1"}],"replies":[{"embeddable":true,"href":"https:\/\/burcukaplan.com\/index.php\/wp-json\/wp\/v2\/comments?post=399"}],"version-history":[{"count":1,"href":"https:\/\/burcukaplan.com\/index.php\/wp-json\/wp\/v2\/pages\/399\/revisions"}],"predecessor-version":[{"id":404,"href":"https:\/\/burcukaplan.com\/index.php\/wp-json\/wp\/v2\/pages\/399\/revisions\/404"}],"wp:attachment":[{"href":"https:\/\/burcukaplan.com\/index.php\/wp-json\/wp\/v2\/media?parent=399"}],"curies":[{"name":"wp","href":"https:\/\/api.w.org\/{rel}","templated":true}]}}