



{"id":401,"date":"2024-05-26T17:28:17","date_gmt":"2024-05-26T14:28:17","guid":{"rendered":"https:\/\/burcukaplan.com\/?page_id=401"},"modified":"2024-08-08T17:05:24","modified_gmt":"2024-08-08T14:05:24","slug":"cocuk-gelisimi","status":"publish","type":"page","link":"https:\/\/burcukaplan.com\/index.php\/cocuk-gelisimi\/","title":{"rendered":"\u00c7OCUK GEL\u0130\u015e\u0130M\u0130"},"content":{"rendered":"<p><section class=\"kc-elm kc-css-198733 kc_row\"><div class=\"kc-row-container  kc-container\"><div class=\"kc-wrap-columns\"><div class=\"kc-elm kc-css-34212 kc_col-sm-12 kc_column kc_col-sm-12\"><div class=\"kc-col-container\">\n<div class=\"kc-elm kc-css-710347 kc-title-wrap \">\n\n\t<h2 class=\"kc_title\">\u00c7OCUK GEL\u0130\u015e\u0130M\u0130<\/h2><hr \/>\n<\/div>\n<\/div><\/div><\/div><\/div><\/section><section class=\"kc-elm kc-css-568625 kc_row\"><div class=\"kc-row-container  kc-container\"><div class=\"kc-wrap-columns\"><div class=\"kc-elm kc-css-969179 kc_col-sm-12 kc_column kc_col-sm-12\"><div class=\"kc-col-container\"><\/div><\/div><\/div><\/div><\/section><section class=\"kc-elm kc-css-511092 kc_row\"><div class=\"kc-row-container  kc-container\"><div class=\"kc-wrap-columns\"><div class=\"kc-elm kc-css-371787 kc_col-sm-12 kc_column kc_col-sm-12\"><div class=\"kc-col-container\"><div class=\"kc-elm kc-css-412729 kc_text_block\"><\/p>\n<p>\n\u00c7ocuk Geli\u015fimi Lisans mezunu ;<\/p>\n<ul>\n<li>Evrensel bilim, e\u011fitim ilkeleri ve ya\u015fam boyu \u00f6\u011frenme temel al\u0131narak \u00e7ocuk geli\u015fimi alan\u0131nda bilgi sahibi olma,<\/li>\n<li>E\u011fitim g\u00f6ren \u00e7ocuklar\u0131n ya\u015f aral\u0131\u011f\u0131na uygun e\u011fitim mod\u00fcl\u00fcn\u00fc belirleme,<\/li>\n<li>Meslek e\u011fitimleri sayesinde \u00e7ocuklarla etkili ileti\u015fim kurulabilme,<\/li>\n<li>T\u00fcrk\u00e7e\u2019ye h\u00e2kim, \u00f6\u011fretici aday\u0131 dilini etkili bir bi\u00e7imde kullanabilme,<\/li>\n<li>Okul \u00f6ncesi \u00e7ocuklar\u0131n bili\u015fsel duyu\u015fsal ve psiko-motor \u00f6zellikleri hakk\u0131nda bilgi sahibi olabilme,<\/li>\n<li>Alan dersleri ve uygulama dersleri ile meslekte uzmanla\u015fma,<\/li>\n<li>Okul \u00f6ncesi kurumlarda e\u011fitim g\u00f6ren \u00e7ocuklar\u0131n davran\u0131\u015fsal s\u00fcre\u00e7lerini g\u00f6zlemleyerek analiz etme,<\/li>\n<li>\u00c7ocuklar\u0131n geli\u015fim d\u00f6nemlerini d\u00fczenli olarak g\u00f6zlemleyerek bu de\u011fi\u015fim d\u00f6nemleri aras\u0131nda meydana gelen fiziksel ve davran\u0131\u015fsal de\u011fi\u015fiklikleri analiz etme,<\/li>\n<li>\u00c7al\u0131\u015ft\u0131\u011f\u0131 kurumda rehberlik hizmetlerine katk\u0131da bulunacak faaliyetler d\u00fczenleyebilme,<\/li>\n<li>Ebeveyn-okul i\u015fbirli\u011fi kapsam\u0131nda \u00f6\u011frencilerin sosyo-k\u00fclt\u00fcrel geli\u015fimlerini ilerletmek amac\u0131yla k\u00fclt\u00fcrel \u00e7al\u0131\u015fmalar yapabilme,<\/li>\n<li>Alan\u0131yla ilgili teknolojik geli\u015fmelerden haberdar, \u00f6\u011frenciler hakk\u0131ndaki istatistiksel verileri mobil ortamda haz\u0131r ve d\u00fczenli olarak olu\u015fturabilme becerileri kazanm\u0131\u015f olan uzmand\u0131r.<\/li>\n<\/ul>\n<ul>\n<li>Burcu KAPLAN 2024 Y\u0131l\u0131nda \u0130STANBUL \u00dcN\u0130VERS\u0130TES\u0130 \u00c7OCUK GEL\u0130\u015e\u0130M\u0130 L\u0130SANS PROGRAMINDAN BA\u015eARI \u0130LE MEZUN OLMU\u015eTUR.<\/li>\n<\/ul>\n<p>\n<\/div><\/div><\/div><\/div><\/div><\/section><section class=\"kc-elm kc-css-709274 kc_row\"><div class=\"kc-row-container  kc-container\"><div class=\"kc-wrap-columns\"><div class=\"kc-elm kc-css-75402 kc_col-sm-12 kc_column kc_col-sm-12\"><div class=\"kc-col-container\">\n<div class=\"kc-elm kc-css-231605 kc-call-to-action kc-cta-3 kc-is-button\">\n\n\t<div class=\"kc-cta-desc\"><h2>De\u011ferlendirme ve Aile Bilgi Formu<\/h2><div class=\"kc-cta-text\">Detayl\u0131 bilgi almak i\u00e7in formu doldurunuz.\r\nUzmanlar\u0131m\u0131z en k\u0131sa s\u00fcrede sizinle ileti\u015fime ge\u00e7ecektir.<\/div><\/div><div class=\"kc-cta-button\"><a href=\"https:\/\/burcukaplan.com\/index.php\/degerlendirme-ve-aile-bilgi-formu\/\" title=\"DE\u011eERLEND\u0130RME VE A\u0130LE B\u0130LG\u0130 FORMU\">Forma git <span class=\"kc-cta-icon\"><i class=\"fab-wpforms\"><\/i><\/span><\/a><\/div>\n<\/div>\n<\/div><\/div><\/div><\/div><\/section><section class=\"kc-elm kc-css-146085 kc_row\"><div class=\"kc-row-container  kc-container\"><div class=\"kc-wrap-columns\"><div class=\"kc-elm kc-css-219695 kc_col-sm-12 kc_column kc_col-sm-12\"><div class=\"kc-col-container\"><div class=\"kc-elm kc-css-876221 kc_text_block\"><\/p>\n<p>\n<\/div><\/div><\/div><\/div><\/div><\/section><\/p>\n","protected":false},"excerpt":{"rendered":"","protected":false},"author":1,"featured_media":0,"parent":0,"menu_order":0,"comment_status":"closed","ping_status":"closed","template":"","meta":[],"_links":{"self":[{"href":"https:\/\/burcukaplan.com\/index.php\/wp-json\/wp\/v2\/pages\/401"}],"collection":[{"href":"https:\/\/burcukaplan.com\/index.php\/wp-json\/wp\/v2\/pages"}],"about":[{"href":"https:\/\/burcukaplan.com\/index.php\/wp-json\/wp\/v2\/types\/page"}],"author":[{"embeddable":true,"href":"https:\/\/burcukaplan.com\/index.php\/wp-json\/wp\/v2\/users\/1"}],"replies":[{"embeddable":true,"href":"https:\/\/burcukaplan.com\/index.php\/wp-json\/wp\/v2\/comments?post=401"}],"version-history":[{"count":3,"href":"https:\/\/burcukaplan.com\/index.php\/wp-json\/wp\/v2\/pages\/401\/revisions"}],"predecessor-version":[{"id":474,"href":"https:\/\/burcukaplan.com\/index.php\/wp-json\/wp\/v2\/pages\/401\/revisions\/474"}],"wp:attachment":[{"href":"https:\/\/burcukaplan.com\/index.php\/wp-json\/wp\/v2\/media?parent=401"}],"curies":[{"name":"wp","href":"https:\/\/api.w.org\/{rel}","templated":true}]}}