



{"id":402,"date":"2024-05-26T17:28:47","date_gmt":"2024-05-26T14:28:47","guid":{"rendered":"https:\/\/burcukaplan.com\/?page_id=402"},"modified":"2024-05-30T21:11:33","modified_gmt":"2024-05-30T18:11:33","slug":"psikoloji","status":"publish","type":"page","link":"https:\/\/burcukaplan.com\/index.php\/psikoloji\/","title":{"rendered":"PS\u0130KOLOJ\u0130"},"content":{"rendered":"<p><section class=\"kc-elm kc-css-755781 kc_row\"><div class=\"kc-row-container  kc-container\"><div class=\"kc-wrap-columns\"><div class=\"kc-elm kc-css-446996 kc_col-sm-12 kc_column kc_col-sm-12\"><div class=\"kc-col-container\">\n<div class=\"kc-elm kc-css-483106 kc-title-wrap \">\n\n\t<h2 class=\"kc_title\">PS\u0130KOLOJ\u0130<\/h2><hr \/>\n<\/div>\n<\/div><\/div><\/div><\/div><\/section><section class=\"kc-elm kc-css-642392 kc_row\"><div class=\"kc-row-container  kc-container\"><div class=\"kc-wrap-columns\"><div class=\"kc-elm kc-css-697710 kc_col-sm-12 kc_column kc_col-sm-12\"><div class=\"kc-col-container\"><\/div><\/div><\/div><\/div><\/section><section class=\"kc-elm kc-css-348842 kc_row\"><div class=\"kc-row-container  kc-container\"><div class=\"kc-wrap-columns\"><div class=\"kc-elm kc-css-441173 kc_col-sm-12 kc_column kc_col-sm-12\"><div class=\"kc-col-container\"><div class=\"kc-elm kc-css-676092 kc_text_block\"><\/p>\n<p>\n<strong>Psikoloji<\/strong>\u00a0veya\u00a0<strong>Ruh bilimi<\/strong>,<a href=\"https:\/\/tr.wikipedia.org\/wiki\/Psikoloji#cite_note-1\"><sup>[1]<\/sup><\/a>\u00a0<a href=\"https:\/\/tr.wikipedia.org\/wiki\/%C4%B0%C3%A7g%C3%BCd%C3%BC\">i\u00e7g\u00fcd\u00fcsel<\/a>\u00a0<a href=\"https:\/\/tr.wikipedia.org\/wiki\/Davran%C4%B1%C5%9F\">davran\u0131\u015flar\u0131<\/a>\u00a0ve\u00a0<a href=\"https:\/\/tr.wikipedia.org\/wiki\/Zihin\">zihni<\/a>\u00a0inceleyen\u00a0<a href=\"https:\/\/tr.wikipedia.org\/wiki\/Bilim\">bilimdir<\/a>.<a href=\"https:\/\/tr.wikipedia.org\/wiki\/Psikoloji#cite_note-Fernald-2\"><sup>[2]<\/sup><\/a>\u00a0<a href=\"https:\/\/tr.wikipedia.org\/wiki\/Bilin%C3%A7\">Bilin\u00e7li<\/a>\u00a0ve bilin\u00e7siz olaylar\u0131n yan\u0131 s\u0131ra daha \u00e7ok\u00a0<a href=\"https:\/\/tr.wikipedia.org\/wiki\/Duygu\">duygu<\/a>\u00a0ve\u00a0<a href=\"https:\/\/tr.wikipedia.org\/wiki\/D%C3%BC%C5%9F%C3%BCnce\">d\u00fc\u015f\u00fcncenin<\/a>\u00a0incelemesini i\u00e7eren Psikoloji, \u00e7ok kapsaml\u0131 bir bilimsel aland\u0131r. Bu alanda uzman olan ve ayn\u0131 zamanda bilgi ara\u015ft\u0131rmas\u0131 yapanlara\u00a0<em>psikolog<\/em>\u00a0denir. Psikologlar,\u00a0<a href=\"https:\/\/tr.wikipedia.org\/wiki\/Beyin\">beyinin<\/a>\u00a0ortaya \u00e7\u0131kan \u00f6zelliklerini ve ortaya \u00e7\u0131kan \u00f6zelliklerle ba\u011flant\u0131l\u0131 t\u00fcm fenomenleri anlamaya \u00e7al\u0131\u015f\u0131rlar ve bu \u015fekilde daha geni\u015f n\u00f6ro-bilimsel ara\u015ft\u0131rmac\u0131 grubuna kat\u0131l\u0131rlar.<a href=\"https:\/\/tr.wikipedia.org\/wiki\/Psikoloji#cite_note-Psychology-3\"><sup>[3]<\/sup><\/a>\u00a0Psikoloji bilimi, bir\u00a0<a href=\"https:\/\/tr.wikipedia.org\/wiki\/Sosyal_bilimler\">sosyal bilim<\/a>\u00a0olmas\u0131na ra\u011fmen ayn\u0131 zamanda\u00a0<a href=\"https:\/\/tr.wikipedia.org\/wiki\/Do%C4%9Fa_bilimleri\">do\u011fa bilimleri<\/a>\u00a0olarak da kategorize edilebilir. \u00d6zellikle\u00a0<a href=\"https:\/\/tr.wikipedia.org\/wiki\/N%C3%B6roloji\">beyin biyolojisi<\/a>\u00a0bilgisini olduk\u00e7a kullan\u0131r ve geli\u015ftirir.<a href=\"https:\/\/tr.wikipedia.org\/wiki\/Psikoloji#cite_note-4\"><sup>[4]<\/sup><\/a><\/p>\n<p>Organizmalar\u0131n hem do\u011frudan g\u00f6zlenen davran\u0131\u015flar\u0131, hem de d\u00fc\u015f\u00fcnme,\u00a0<a href=\"https:\/\/tr.wikipedia.org\/wiki\/Zihin\">zihinde<\/a>\u00a0canland\u0131rma,\u00a0<a href=\"https:\/\/tr.wikipedia.org\/wiki\/Bellek\">hat\u0131rlama<\/a>\u00a0ve hayal etme gibi do\u011frudan g\u00f6zlenemeyen karma\u015f\u0131k zihinsel s\u00fcre\u00e7leri psikolojinin inceleme alan\u0131na girer.<a href=\"https:\/\/tr.wikipedia.org\/wiki\/Psikoloji#cite_note-Yasam-5\"><sup>[5]<\/sup><\/a>\u00a0Bir yandan\u00a0<a href=\"https:\/\/tr.wikipedia.org\/wiki\/Alg%C4%B1\">alg\u0131<\/a>,\u00a0<a href=\"https:\/\/tr.wikipedia.org\/wiki\/Dikkat\">dikkat<\/a>,\u00a0<a href=\"https:\/\/tr.wikipedia.org\/wiki\/Duygu\">duygu<\/a>,\u00a0<a href=\"https:\/\/tr.wikipedia.org\/wiki\/Motivasyon\">motivasyon<\/a>,\u00a0<a href=\"https:\/\/tr.wikipedia.org\/wiki\/Zek%C3%A2\">zek\u00e2<\/a>,\u00a0<a href=\"https:\/\/tr.wikipedia.org\/wiki\/Ki%C5%9Filik\">ki\u015filik<\/a>\u00a0gibi i\u00e7sel s\u00fcre\u00e7ler; bir yandan ki\u015filer aras\u0131 ili\u015fki s\u00fcre\u00e7leri (\u00f6rne\u011fin\u00a0<a href=\"https:\/\/tr.wikipedia.org\/wiki\/A%C5%9Fk\">a\u015fk<\/a>, evlilikte uyum ve \u00e7at\u0131\u015fma, anne ve \u00e7ocuk aras\u0131nda\u00a0<a href=\"https:\/\/tr.wikipedia.org\/wiki\/Ba%C4%9Flanma_kuram%C4%B1\">ba\u011flanma<\/a>\u00a0gibi), grup-i\u00e7i (\u00f6rne\u011fin gruba uyma ve itaat etme) ve gruplar aras\u0131 ili\u015fki s\u00fcre\u00e7leri (\u00f6rne\u011fin gruplar aras\u0131\u00a0<a href=\"https:\/\/tr.wikipedia.org\/wiki\/%C3%96nyarg%C4%B1\">\u00f6nyarg\u0131<\/a>\u00a0ve\u00a0<a href=\"https:\/\/tr.wikipedia.org\/wiki\/Ayr%C4%B1mc%C4%B1l%C4%B1k\">ayr\u0131mc\u0131l\u0131k<\/a>,\u00a0<a href=\"https:\/\/tr.wikipedia.org\/wiki\/Kolektif_eylem\">kolektif eylem<\/a>\u00a0vb.) psikoloji biliminin \u00e7al\u0131\u015ft\u0131\u011f\u0131 konulard\u0131r. Psikoloji bilimi d\u00e2hilinde hem insanlar\u0131n hem de hayvanlar\u0131n davran\u0131\u015flar\u0131 \u00fczerinde \u00e7al\u0131\u015f\u0131labilir. T\u00fcm bu \u00f6zellikleriyle psikoloji, hem fen ve t\u0131p bilimleri ile hem de sosyal bilimlerle yak\u0131ndan ili\u015fkilidir.<\/p>\n<p>Psikolojinin hedefi, zihinsel s\u00fcre\u00e7leri ve davran\u0131\u015flar\u0131 tan\u0131mlamak, neden ve nas\u0131l olu\u015ftuklar\u0131n\u0131 a\u00e7\u0131klamak, ileride nas\u0131l bir de\u011fi\u015fim-geli\u015fim g\u00f6stereceklerini \u00f6ng\u00f6rmek ve bu s\u00fcre\u00e7leri kontrol etmektir. Bu hedefler do\u011frultusunda g\u00f6rg\u00fcl y\u00f6ntemlerle \u2013\u00f6rne\u011fin\u00a0<a href=\"https:\/\/tr.wikipedia.org\/wiki\/Deney\">deneysel<\/a>\u00a0ya da\u00a0<a href=\"https:\/\/tr.wikipedia.org\/wiki\/Korelasyon\">korelasyonel<\/a>\u00a0y\u00f6ntemler- ara\u015ft\u0131rmalar y\u00fcr\u00fct\u00fcl\u00fcr. Psikoloji biliminin \u00fcretti\u011fi bilgiler, insan etkinliklerinin de\u011ferlendirilmesi ve d\u00fczenlenmesi ile ilgili pek \u00e7ok alanda kullan\u0131l\u0131r.<\/p>\n<p><a href=\"https:\/\/tr.wikipedia.org\/wiki\/Psikoloji\">https:\/\/tr.wikipedia.org\/wiki\/Psikoloji<\/a><\/p>\n<ul>\n<li>Burcu KAPLAN 2024 YILINDA BELEK \u00dcN\u0130VERS\u0130TES\u0130 \u0130NSAN\u0130 B\u0130L\u0130MLER FAK\u00dcLTES\u0130 PS\u0130KOLOJ\u0130 B\u00d6L\u00dcM\u00dcNDE L\u0130SANS E\u011e\u0130T\u0130M\u0130NE BA\u015eLAMI\u015eTIR VE BA\u015eARIYLA DEVAM ETMEKTED\u0130R.<\/li>\n<\/ul>\n<p>\n<\/div><\/div><\/div><\/div><\/div><\/section><section class=\"kc-elm kc-css-260046 kc_row\"><div class=\"kc-row-container  kc-container\"><div class=\"kc-wrap-columns\"><div class=\"kc-elm kc-css-203553 kc_col-sm-12 kc_column kc_col-sm-12\"><div class=\"kc-col-container\">\n<div class=\"kc-elm kc-css-909036 kc-call-to-action kc-cta-3 kc-is-button\">\n\n\t<div class=\"kc-cta-desc\"><h2>De\u011ferlendirme ve Aile Bilgi Formu<\/h2><div class=\"kc-cta-text\">Detayl\u0131 bilgi almak i\u00e7in formu doldurunuz.\r\nUzmanlar\u0131m\u0131z en k\u0131sa s\u00fcrede sizinle ileti\u015fime ge\u00e7ecektir.<\/div><\/div><div class=\"kc-cta-button\"><a href=\"https:\/\/burcukaplan.com\/index.php\/degerlendirme-ve-aile-bilgi-formu\/\" title=\"DE\u011eERLEND\u0130RME VE A\u0130LE B\u0130LG\u0130 FORMU\">Forma git <span class=\"kc-cta-icon\"><i class=\"fab-wpforms\"><\/i><\/span><\/a><\/div>\n<\/div>\n<\/div><\/div><\/div><\/div><\/section><section class=\"kc-elm kc-css-338735 kc_row\"><div class=\"kc-row-container  kc-container\"><div class=\"kc-wrap-columns\"><div class=\"kc-elm kc-css-519009 kc_col-sm-12 kc_column kc_col-sm-12\"><div class=\"kc-col-container\"><div class=\"kc-elm kc-css-904689 kc_text_block\"><p><\/p>\n<\/div><\/div><\/div><\/div><\/div><\/section><\/p>\n","protected":false},"excerpt":{"rendered":"","protected":false},"author":1,"featured_media":0,"parent":0,"menu_order":0,"comment_status":"closed","ping_status":"closed","template":"","meta":[],"_links":{"self":[{"href":"https:\/\/burcukaplan.com\/index.php\/wp-json\/wp\/v2\/pages\/402"}],"collection":[{"href":"https:\/\/burcukaplan.com\/index.php\/wp-json\/wp\/v2\/pages"}],"about":[{"href":"https:\/\/burcukaplan.com\/index.php\/wp-json\/wp\/v2\/types\/page"}],"author":[{"embeddable":true,"href":"https:\/\/burcukaplan.com\/index.php\/wp-json\/wp\/v2\/users\/1"}],"replies":[{"embeddable":true,"href":"https:\/\/burcukaplan.com\/index.php\/wp-json\/wp\/v2\/comments?post=402"}],"version-history":[{"count":2,"href":"https:\/\/burcukaplan.com\/index.php\/wp-json\/wp\/v2\/pages\/402\/revisions"}],"predecessor-version":[{"id":469,"href":"https:\/\/burcukaplan.com\/index.php\/wp-json\/wp\/v2\/pages\/402\/revisions\/469"}],"wp:attachment":[{"href":"https:\/\/burcukaplan.com\/index.php\/wp-json\/wp\/v2\/media?parent=402"}],"curies":[{"name":"wp","href":"https:\/\/api.w.org\/{rel}","templated":true}]}}