



{"id":415,"date":"2024-05-26T17:30:25","date_gmt":"2024-05-26T14:30:25","guid":{"rendered":"https:\/\/burcukaplan.com\/?page_id=415"},"modified":"2024-05-26T17:30:25","modified_gmt":"2024-05-26T14:30:25","slug":"oyun-terapisi","status":"publish","type":"page","link":"https:\/\/burcukaplan.com\/index.php\/oyun-terapisi\/","title":{"rendered":"OYUN TERAP\u0130S\u0130"},"content":{"rendered":"<p><section class=\"kc-elm kc-css-557347 kc_row\"><div class=\"kc-row-container  kc-container\"><div class=\"kc-wrap-columns\"><div class=\"kc-elm kc-css-529778 kc_col-sm-12 kc_column kc_col-sm-12\"><div class=\"kc-col-container\">\n<div class=\"kc-elm kc-css-676605 kc-title-wrap \">\n\n\t<h2 class=\"kc_title\">OYUN TERAP\u0130S\u0130<\/h2><hr \/>\n<\/div>\n<\/div><\/div><\/div><\/div><\/section><section class=\"kc-elm kc-css-314094 kc_row\"><div class=\"kc-row-container  kc-container\"><div class=\"kc-wrap-columns\"><div class=\"kc-elm kc-css-867373 kc_col-sm-12 kc_column kc_col-sm-12\"><div class=\"kc-col-container\"><\/div><\/div><\/div><\/div><\/section><section class=\"kc-elm kc-css-414494 kc_row\"><div class=\"kc-row-container  kc-container\"><div class=\"kc-wrap-columns\"><div class=\"kc-elm kc-css-765126 kc_col-sm-12 kc_column kc_col-sm-12\"><div class=\"kc-col-container\"><div class=\"kc-elm kc-css-716216 kc_text_block\"><\/p>\n<p>OYUN TERAP\u0130S\u0130<\/p>\n<p>E\u011fitimli oyun terapistlerinin, dan\u0131\u015fanlar\u0131n psikososyal sorunlar\u0131n\u0131 engellemelerine ya da \u00e7\u00f6zmelerine ve ideal b\u00fcy\u00fcme ve geli\u015fimi ger\u00e7ekle\u015ftirmelerine yard\u0131mc\u0131 olmak amac\u0131yla, oyunun terap\u00f6tik g\u00fcc\u00fcnden yararland\u0131klar\u0131 ve ki\u015filer aras\u0131 bir s\u00fcre\u00e7 tesis etmek i\u00e7in kuramsal bir modelin sistemli bir \u015fekilde kullan\u0131lmas\u0131d\u0131r.<\/p>\n<p>OYUN TERAP\u0130S\u0130N\u0130N \u00d6NEM<\/p>\n<ul>\n<li>\u00c7ocuklar\u0131n dili oyun; kelimeleri oyuncaklard\u0131r.<\/li>\n<li>\u00c7ocu\u011fun ruhsal yap\u0131s\u0131n\u0131 yak\u0131ndan g\u00f6rmek, varsa patolojilerini saptamak ve iyile\u015ftirmek i\u00e7in en etkili y\u00f6ntem oyun terapisidir.<\/li>\n<li>\u00c7ocu\u011fun d\u0131\u015fardaki ger\u00e7ekli\u011fi, i\u00e7eride nas\u0131l alg\u0131lad\u0131\u011f\u0131 \u00f6nemlidir.<\/li>\n<li>Bunu sadece oyun ve oyuncaklar yoluyla bize bildirir.<\/li>\n<li>Oyun terapisinde temel nokta, \u00e7ocu\u011fun ego g\u00fcc\u00fcn\u00fc geli\u015ftirmektir.<\/li>\n<li>Oyunun terap\u00f6tik g\u00fcc\u00fc, sekiz genel kategori alt\u0131nda s\u0131n\u0131fland\u0131r\u0131labilir:<\/li>\n<li>\u0130leti\u015fim<\/li>\n<li>Duygusal d\u00fczenleme<\/li>\n<li>\u0130li\u015fki geli\u015ftirme<\/li>\n<li>Ahlaki yarg\u0131<\/li>\n<li>Stresle ba\u015fa \u00e7\u0131kma<\/li>\n<li>Egoyu y\u00fckseltme<\/li>\n<li>Hayata haz\u0131rl\u0131k<\/li>\n<li>Kendini ger\u00e7ekle\u015ftirme<\/li>\n<li>\u00c7ocuk oyun yoluyla, ba\u015f edemedi\u011fi duygular\u0131 ve ya\u015fad\u0131\u011f\u0131 zorluklar\u0131 yeniden canland\u0131rma yaparak deneyimler ve \u00fcstesinden gelmeye \u00e7al\u0131\u015f\u0131r.<\/li>\n<li>Oyun terapisinin \u00e7ocu\u011fa deneyim ve duygular\u0131n\u0131 yeniden canland\u0131rma f\u0131rsat\u0131 sundu\u011fu i\u00e7in iyile\u015ftirici \u00f6zelli\u011fi vard\u0131r.<\/li>\n<li>Oyun terapisinde s\u00fcre\u00e7 sonu\u00e7tan \u00f6nemlidir.<\/li>\n<li>\u00c7ocuk, terapi s\u00fcresinde engellenmi\u015flikten kurtulur ve geli\u015fim s\u00fcrecine kald\u0131\u011f\u0131 yerden devam edebilir.<\/li>\n<\/ul>\n<p>Burcu KAPLAN<\/p>\n<p>\n<\/div><\/div><\/div><\/div><\/div><\/section><section class=\"kc-elm kc-css-868280 kc_row\"><div class=\"kc-row-container  kc-container\"><div class=\"kc-wrap-columns\"><div class=\"kc-elm kc-css-479034 kc_col-sm-12 kc_column kc_col-sm-12\"><div class=\"kc-col-container\">\n<div class=\"kc-elm kc-css-965547 kc-call-to-action kc-cta-3 kc-is-button\">\n\n\t<div class=\"kc-cta-desc\"><h2>De\u011ferlendirme ve Aile Bilgi Formu<\/h2><div class=\"kc-cta-text\">Detayl\u0131 bilgi almak i\u00e7in formu doldurunuz.\r\nUzmanlar\u0131m\u0131z en k\u0131sa s\u00fcrede sizinle ileti\u015fime ge\u00e7ecektir.<\/div><\/div><div class=\"kc-cta-button\"><a href=\"https:\/\/burcukaplan.com\/index.php\/degerlendirme-ve-aile-bilgi-formu\/\" title=\"DE\u011eERLEND\u0130RME VE A\u0130LE B\u0130LG\u0130 FORMU\">Forma git <span class=\"kc-cta-icon\"><i class=\"fab-wpforms\"><\/i><\/span><\/a><\/div>\n<\/div>\n<\/div><\/div><\/div><\/div><\/section><section class=\"kc-elm kc-css-649930 kc_row\"><div class=\"kc-row-container  kc-container\"><div class=\"kc-wrap-columns\"><div class=\"kc-elm kc-css-399525 kc_col-sm-12 kc_column kc_col-sm-12\"><div class=\"kc-col-container\"><div class=\"kc-elm kc-css-875076 kc_text_block\"><\/p>\n<p>&nbsp;<\/p>\n<p>\n<\/div><\/div><\/div><\/div><\/div><\/section><\/p>\n","protected":false},"excerpt":{"rendered":"","protected":false},"author":1,"featured_media":0,"parent":0,"menu_order":0,"comment_status":"closed","ping_status":"closed","template":"","meta":[],"_links":{"self":[{"href":"https:\/\/burcukaplan.com\/index.php\/wp-json\/wp\/v2\/pages\/415"}],"collection":[{"href":"https:\/\/burcukaplan.com\/index.php\/wp-json\/wp\/v2\/pages"}],"about":[{"href":"https:\/\/burcukaplan.com\/index.php\/wp-json\/wp\/v2\/types\/page"}],"author":[{"embeddable":true,"href":"https:\/\/burcukaplan.com\/index.php\/wp-json\/wp\/v2\/users\/1"}],"replies":[{"embeddable":true,"href":"https:\/\/burcukaplan.com\/index.php\/wp-json\/wp\/v2\/comments?post=415"}],"version-history":[{"count":1,"href":"https:\/\/burcukaplan.com\/index.php\/wp-json\/wp\/v2\/pages\/415\/revisions"}],"predecessor-version":[{"id":422,"href":"https:\/\/burcukaplan.com\/index.php\/wp-json\/wp\/v2\/pages\/415\/revisions\/422"}],"wp:attachment":[{"href":"https:\/\/burcukaplan.com\/index.php\/wp-json\/wp\/v2\/media?parent=415"}],"curies":[{"name":"wp","href":"https:\/\/api.w.org\/{rel}","templated":true}]}}