



{"id":417,"date":"2024-05-26T17:31:42","date_gmt":"2024-05-26T14:31:42","guid":{"rendered":"https:\/\/burcukaplan.com\/?page_id=417"},"modified":"2024-05-26T17:31:42","modified_gmt":"2024-05-26T14:31:42","slug":"zihin-kurami-ve-sosyal-beceriler","status":"publish","type":"page","link":"https:\/\/burcukaplan.com\/index.php\/zihin-kurami-ve-sosyal-beceriler\/","title":{"rendered":"Z\u0130H\u0130N KURAMI VE SOSYAL BECER\u0130LER"},"content":{"rendered":"<p><section class=\"kc-elm kc-css-966759 kc_row\"><div class=\"kc-row-container  kc-container\"><div class=\"kc-wrap-columns\"><div class=\"kc-elm kc-css-734498 kc_col-sm-12 kc_column kc_col-sm-12\"><div class=\"kc-col-container\">\n<div class=\"kc-elm kc-css-447592 kc-title-wrap \">\n\n\t<h2 class=\"kc_title\">Z\u0130H\u0130N KURAMI VE SOSYAL BECER\u0130LER<\/h2><hr \/>\n<\/div>\n<\/div><\/div><\/div><\/div><\/section><section class=\"kc-elm kc-css-324299 kc_row\"><div class=\"kc-row-container  kc-container\"><div class=\"kc-wrap-columns\"><div class=\"kc-elm kc-css-915193 kc_col-sm-12 kc_column kc_col-sm-12\"><div class=\"kc-col-container\"><\/div><\/div><\/div><\/div><\/section><section class=\"kc-elm kc-css-998317 kc_row\"><div class=\"kc-row-container  kc-container\"><div class=\"kc-wrap-columns\"><div class=\"kc-elm kc-css-521360 kc_col-sm-12 kc_column kc_col-sm-12\"><div class=\"kc-col-container\"><div class=\"kc-elm kc-css-303292 kc_text_block\"><\/p>\n<p style=\"background: white; margin: 0cm 0cm 15.0pt 0cm;\"><span style=\"font-family: 'Montserrat Alternates',serif; color: black;\">Z\u0130H\u0130N KURAMI ve SOSYAL BECER\u0130LER<\/span><\/p>\n<p style=\"background: white; margin: 0cm 0cm 15.0pt 0cm;\"><span style=\"font-family: 'Montserrat Alternates',serif; color: black;\">Sosyal ileti\u015fimde \u00e7ok fazla kulland\u0131\u011f\u0131m\u0131z sosyal ifadeler, \u00f6rne\u011fin, \u201cmerhaba\u201d, \u201cte\u015fekk\u00fcr ederim\u201d, \u201cnas\u0131ls\u0131n?\u201d ya da \u201coyunda s\u0131ra almak\u201d, \u201cuzla\u015fmak\u201d gibi sosyal becerileri \u00f6\u011frenmek ve bu becerilerin ne anlama geldi\u011fini yani \u201csosyal anlam\u0131n\u0131\u201d, bu becerilerin\/davran\u0131\u015flar\u0131n duygu ve d\u00fc\u015f\u00fcncelerimizle ili\u015fkisini anlamak otizmi ve di\u011fer n\u00f6ro-geli\u015fimsel sorunlar\u0131 olan bireyler i\u00e7in zor olabilmektedir.<br \/>\nSosyal ortamlarda, kendisinden beklenen davran\u0131\u015f\u0131n, uymas\u0131 gereken kural\u0131n veya ima i\u00e7eren konu\u015fman\u0131n ya da \u015fakan\u0131n ne oldu\u011funu anlayamayan otizmli bireyler yo\u011fun bir kayg\u0131 ya\u015fayabilir ve strese girer, bazen bu bir \u00f6fke patlamas\u0131na d\u00f6n\u00fc\u015febilir. Bireylerin sosyal ortamda uyumsuz olarak alg\u0131lanmas\u0131na neden olan bu davran\u0131\u015flar\u0131n zihin kuram\u0131 ve sosyal beceri s\u0131n\u0131rl\u0131l\u0131klar\u0131yla ili\u015fkili oldu\u011fu bilinmektedir. Bu nedenle, her bireyin gereksinimi olan sosyal beceriler ve zihin kuram\u0131 becerilerini belirlemek i\u00e7in de\u011ferlendirme yapmak ve e\u011fitim program\u0131 i\u00e7erisinde di\u011fer hedefleri ile b\u00fct\u00fcnl\u00fckl\u00fc bi\u00e7imde \u00e7al\u0131\u015fmak \u00f6nem kazanmaktad\u0131r.<br \/>\nBu kitap, zihin kuram\u0131 ve sosyal becerilerin kuramsal temeli, de\u011ferlendirilmesi, etkili \u00f6\u011fretim y\u00f6ntemlerini i\u00e7ermektedir. Ayr\u0131ca alanda \u00e7al\u0131\u015fan profesyoneller ve ailelerin kullanabilece\u011fi uygulama \u00f6rnekleri ile zihin kuram\u0131 \u2013 sosyal becerilerin geli\u015fim s\u0131ras\u0131na g\u00f6re y\u00fcr\u00fct\u00fclecek olan \u00f6\u011fretim anlat\u0131lmaktad\u0131r.<\/span><\/p>\n<p>\n<\/div><\/div><\/div><\/div><\/div><\/section><section class=\"kc-elm kc-css-17588 kc_row\"><div class=\"kc-row-container  kc-container\"><div class=\"kc-wrap-columns\"><div class=\"kc-elm kc-css-893483 kc_col-sm-12 kc_column kc_col-sm-12\"><div class=\"kc-col-container\">\n<div class=\"kc-elm kc-css-637723 kc-call-to-action kc-cta-3 kc-is-button\">\n\n\t<div class=\"kc-cta-desc\"><h2>De\u011ferlendirme ve Aile Bilgi Formu<\/h2><div class=\"kc-cta-text\">Detayl\u0131 bilgi almak i\u00e7in formu doldurunuz.\r\nUzmanlar\u0131m\u0131z en k\u0131sa s\u00fcrede sizinle ileti\u015fime ge\u00e7ecektir.<\/div><\/div><div class=\"kc-cta-button\"><a href=\"https:\/\/burcukaplan.com\/index.php\/degerlendirme-ve-aile-bilgi-formu\/\" title=\"DE\u011eERLEND\u0130RME VE A\u0130LE B\u0130LG\u0130 FORMU\">Forma git <span class=\"kc-cta-icon\"><i class=\"fab-wpforms\"><\/i><\/span><\/a><\/div>\n<\/div>\n<\/div><\/div><\/div><\/div><\/section><section class=\"kc-elm kc-css-405313 kc_row\"><div class=\"kc-row-container  kc-container\"><div class=\"kc-wrap-columns\"><div class=\"kc-elm kc-css-906020 kc_col-sm-12 kc_column kc_col-sm-12\"><div class=\"kc-col-container\"><div class=\"kc-elm kc-css-19464 kc_text_block\"><\/p>\n<p>&nbsp;<\/p>\n<p>\n<\/div><\/div><\/div><\/div><\/div><\/section><\/p>\n","protected":false},"excerpt":{"rendered":"","protected":false},"author":1,"featured_media":0,"parent":0,"menu_order":0,"comment_status":"closed","ping_status":"closed","template":"","meta":[],"_links":{"self":[{"href":"https:\/\/burcukaplan.com\/index.php\/wp-json\/wp\/v2\/pages\/417"}],"collection":[{"href":"https:\/\/burcukaplan.com\/index.php\/wp-json\/wp\/v2\/pages"}],"about":[{"href":"https:\/\/burcukaplan.com\/index.php\/wp-json\/wp\/v2\/types\/page"}],"author":[{"embeddable":true,"href":"https:\/\/burcukaplan.com\/index.php\/wp-json\/wp\/v2\/users\/1"}],"replies":[{"embeddable":true,"href":"https:\/\/burcukaplan.com\/index.php\/wp-json\/wp\/v2\/comments?post=417"}],"version-history":[{"count":1,"href":"https:\/\/burcukaplan.com\/index.php\/wp-json\/wp\/v2\/pages\/417\/revisions"}],"predecessor-version":[{"id":424,"href":"https:\/\/burcukaplan.com\/index.php\/wp-json\/wp\/v2\/pages\/417\/revisions\/424"}],"wp:attachment":[{"href":"https:\/\/burcukaplan.com\/index.php\/wp-json\/wp\/v2\/media?parent=417"}],"curies":[{"name":"wp","href":"https:\/\/api.w.org\/{rel}","templated":true}]}}