



{"id":418,"date":"2024-05-26T17:33:39","date_gmt":"2024-05-26T14:33:39","guid":{"rendered":"https:\/\/burcukaplan.com\/?page_id=418"},"modified":"2024-05-26T17:33:39","modified_gmt":"2024-05-26T14:33:39","slug":"theraplay","status":"publish","type":"page","link":"https:\/\/burcukaplan.com\/index.php\/theraplay\/","title":{"rendered":"THERAPLAY"},"content":{"rendered":"<p><section class=\"kc-elm kc-css-910234 kc_row\"><div class=\"kc-row-container  kc-container\"><div class=\"kc-wrap-columns\"><div class=\"kc-elm kc-css-337303 kc_col-sm-12 kc_column kc_col-sm-12\"><div class=\"kc-col-container\">\n<div class=\"kc-elm kc-css-422285 kc-title-wrap \">\n\n\t<h2 class=\"kc_title\">THERAPLAY<\/h2><hr \/>\n<\/div>\n<\/div><\/div><\/div><\/div><\/section><section class=\"kc-elm kc-css-115995 kc_row\"><div class=\"kc-row-container  kc-container\"><div class=\"kc-wrap-columns\"><div class=\"kc-elm kc-css-639159 kc_col-sm-12 kc_column kc_col-sm-12\"><div class=\"kc-col-container\"><\/div><\/div><\/div><\/div><\/section><section class=\"kc-elm kc-css-415286 kc_row\"><div class=\"kc-row-container  kc-container\"><div class=\"kc-wrap-columns\"><div class=\"kc-elm kc-css-892900 kc_col-sm-12 kc_column kc_col-sm-12\"><div class=\"kc-col-container\"><div class=\"kc-elm kc-css-962683 kc_text_block\"><\/p>\n<p>THERAPLAY OYUN VE A\u0130LE TERAP\u0130S\u0130<\/p>\n<p>Theraplay ba\u011flanma, \u00f6z g\u00fcven, ba\u015fkalar\u0131na g\u00fcven ve\u00a0ne\u015feli ba\u011fl\u0131l\u0131\u011f\u0131\u00a0yap\u0131land\u0131rma ve geli\u015ftirmeye y\u00f6nelik bir \u00e7ocuk ve aile terapisidir. Ebeveyn ve \u00e7ocuk aras\u0131ndaki e\u011flenceli, sa\u011fl\u0131kl\u0131 etkile\u015fimin do\u011fal kal\u0131plar\u0131na dayan\u0131r ve ki\u015fisel, fiziksel ve e\u011flencelidir.<\/p>\n<p>Theraplay etkile\u015fimleri ebeveyn-\u00e7ocuk ili\u015fkilerinde var olan d\u00f6rt temel niteli\u011fe odaklan\u0131r: Yap\u0131, Ba\u011fl\u0131l\u0131k, Besleme ve M\u00fccadele.<\/p>\n<p>Theraplay seanslar\u0131 \u00e7ocuk ve ebeveyn\/bak\u0131m veren aras\u0131nda aktif, duygusal bir ba\u011flant\u0131 yaratarak benli\u011fin de\u011ferli ve sevilebilir; ili\u015fkilerin olumlu ve \u00f6d\u00fcllendirici olarak alg\u0131lanmas\u0131n\u0131 sa\u011flar.<\/p>\n<p>Theraplay, \u00e7ocu\u011funuzun davran\u0131\u015f\u0131n\u0131 benzersiz yollarla geli\u015ftirebilen \u00f6zel bir oyun terapisidir.<\/p>\n<p>Ne\u015feli oyunlar ve hassas bak\u0131m\u0131n terap\u00f6tik faydalar\u0131ndan yararlanan Theraplay, \u00e7ocu\u011funuzla olan ili\u015fkinizi g\u00fc\u00e7lendirmeye, ba\u011f\u0131n\u0131z\u0131 ve kar\u015f\u0131l\u0131kl\u0131 anlay\u0131\u015f duygunuzu geli\u015ftirmeye odaklan\u0131r; b\u00f6ylece \u00e7ocu\u011funuzun art\u0131k sorunlu davran\u0131\u015flara ba\u015fvurmas\u0131 gerekmez.<\/p>\n<p>\u00c7ocu\u011fun hayat\u0131ndaki en \u00f6nemli insanlar olarak\u00a0bak\u0131m verenler seanslara aktif olarak kat\u0131l\u0131rlar.<\/p>\n<p>Theraplay ile \u00e7ocu\u011funuzla aran\u0131zda kal\u0131c\u0131 ve olumsuz olarak g\u00f6r\u00fclebilen dinami\u011fi de\u011fi\u015ftirmek konusunda terapistinizin yard\u0131m\u0131 ile \u00e7ocu\u011funuzla olan ili\u015fkinizden kar\u015f\u0131l\u0131kl\u0131 keyif al\u0131r ve birbirinize daha duyarl\u0131 hale gelirsiniz.<\/p>\n<p>\n<\/div><\/div><\/div><\/div><\/div><\/section><section class=\"kc-elm kc-css-327361 kc_row\"><div class=\"kc-row-container  kc-container\"><div class=\"kc-wrap-columns\"><div class=\"kc-elm kc-css-743198 kc_col-sm-12 kc_column kc_col-sm-12\"><div class=\"kc-col-container\">\n<div class=\"kc-elm kc-css-699733 kc-call-to-action kc-cta-3 kc-is-button\">\n\n\t<div class=\"kc-cta-desc\"><h2>De\u011ferlendirme ve Aile Bilgi Formu<\/h2><div class=\"kc-cta-text\">Detayl\u0131 bilgi almak i\u00e7in formu doldurunuz.\r\nUzmanlar\u0131m\u0131z en k\u0131sa s\u00fcrede sizinle ileti\u015fime ge\u00e7ecektir.<\/div><\/div><div class=\"kc-cta-button\"><a href=\"https:\/\/burcukaplan.com\/index.php\/degerlendirme-ve-aile-bilgi-formu\/\" title=\"DE\u011eERLEND\u0130RME VE A\u0130LE B\u0130LG\u0130 FORMU\">Forma git <span class=\"kc-cta-icon\"><i class=\"fab-wpforms\"><\/i><\/span><\/a><\/div>\n<\/div>\n<\/div><\/div><\/div><\/div><\/section><section class=\"kc-elm kc-css-411951 kc_row\"><div class=\"kc-row-container  kc-container\"><div class=\"kc-wrap-columns\"><div class=\"kc-elm kc-css-274985 kc_col-sm-12 kc_column kc_col-sm-12\"><div class=\"kc-col-container\"><div class=\"kc-elm kc-css-894386 kc_text_block\"><\/p>\n<p>&nbsp;<\/p>\n<p>\n<\/div><\/div><\/div><\/div><\/div><\/section><\/p>\n","protected":false},"excerpt":{"rendered":"","protected":false},"author":1,"featured_media":0,"parent":0,"menu_order":0,"comment_status":"closed","ping_status":"closed","template":"","meta":[],"_links":{"self":[{"href":"https:\/\/burcukaplan.com\/index.php\/wp-json\/wp\/v2\/pages\/418"}],"collection":[{"href":"https:\/\/burcukaplan.com\/index.php\/wp-json\/wp\/v2\/pages"}],"about":[{"href":"https:\/\/burcukaplan.com\/index.php\/wp-json\/wp\/v2\/types\/page"}],"author":[{"embeddable":true,"href":"https:\/\/burcukaplan.com\/index.php\/wp-json\/wp\/v2\/users\/1"}],"replies":[{"embeddable":true,"href":"https:\/\/burcukaplan.com\/index.php\/wp-json\/wp\/v2\/comments?post=418"}],"version-history":[{"count":1,"href":"https:\/\/burcukaplan.com\/index.php\/wp-json\/wp\/v2\/pages\/418\/revisions"}],"predecessor-version":[{"id":425,"href":"https:\/\/burcukaplan.com\/index.php\/wp-json\/wp\/v2\/pages\/418\/revisions\/425"}],"wp:attachment":[{"href":"https:\/\/burcukaplan.com\/index.php\/wp-json\/wp\/v2\/media?parent=418"}],"curies":[{"name":"wp","href":"https:\/\/api.w.org\/{rel}","templated":true}]}}