



{"id":419,"date":"2024-05-26T17:34:36","date_gmt":"2024-05-26T14:34:36","guid":{"rendered":"https:\/\/burcukaplan.com\/?page_id=419"},"modified":"2024-05-26T17:34:36","modified_gmt":"2024-05-26T14:34:36","slug":"yasam-koclugu-ve-designer","status":"publish","type":"page","link":"https:\/\/burcukaplan.com\/index.php\/yasam-koclugu-ve-designer\/","title":{"rendered":"YA\u015eAM KO\u00c7LU\u011eU VE DES\u0130GNER"},"content":{"rendered":"<p><section class=\"kc-elm kc-css-708167 kc_row\"><div class=\"kc-row-container  kc-container\"><div class=\"kc-wrap-columns\"><div class=\"kc-elm kc-css-652219 kc_col-sm-12 kc_column kc_col-sm-12\"><div class=\"kc-col-container\">\n<div class=\"kc-elm kc-css-885366 kc-title-wrap \">\n\n\t<h2 class=\"kc_title\">YA\u015eAM KO\u00c7LU\u011eU VE DES\u0130GNER<\/h2><hr \/>\n<\/div>\n<\/div><\/div><\/div><\/div><\/section><section class=\"kc-elm kc-css-123283 kc_row\"><div class=\"kc-row-container  kc-container\"><div class=\"kc-wrap-columns\"><div class=\"kc-elm kc-css-629312 kc_col-sm-12 kc_column kc_col-sm-12\"><div class=\"kc-col-container\"><\/div><\/div><\/div><\/div><\/section><section class=\"kc-elm kc-css-103815 kc_row\"><div class=\"kc-row-container  kc-container\"><div class=\"kc-wrap-columns\"><div class=\"kc-elm kc-css-264564 kc_col-sm-12 kc_column kc_col-sm-12\"><div class=\"kc-col-container\"><div class=\"kc-elm kc-css-224937 kc_text_block\"><\/p>\n<p class=\"MsoNormal\" style=\"margin: 6pt 0cm 0cm; background-image: initial; background-position: initial; background-size: initial; background-repeat: initial; background-attachment: initial; background-origin: initial; background-clip: initial;\"><b><span style=\"font-size: 10.5pt;font-family:&quot;Arial&quot;,sans-serif;mso-fareast-font-family:&quot;Times New Roman&quot;; color:#202122;mso-fareast-language:TR\">Ya\u015fam ko\u00e7lu\u011fu<\/span><\/b><span style=\"font-size:10.5pt;font-family:&quot;Arial&quot;,sans-serif;mso-fareast-font-family: &quot;Times New Roman&quot;;color:#202122;mso-fareast-language:TR\">, (life coaching)<br \/>\nbir&nbsp;<\/span><span style=\"color:black;mso-color-alt:windowtext\"><a href=\"https:\/\/tr.wikipedia.org\/wiki\/Ko%C3%A7luk\" title=\"Ko\u00e7luk\"><span style=\"font-size:10.5pt;font-family:&quot;Arial&quot;,sans-serif;mso-fareast-font-family: &quot;Times New Roman&quot;;color:#3366CC;mso-fareast-language:TR\">ko\u00e7luk<\/span><\/a><\/span><span style=\"font-size:10.5pt;font-family:&quot;Arial&quot;,sans-serif;mso-fareast-font-family: &quot;Times New Roman&quot;;color:#202122;mso-fareast-language:TR\">&nbsp;sanat\u0131 olup,<br \/>\ninsanlar\u0131n kendi kendilerini g\u00fc\u00e7lendirmelerine yol a\u00e7an beceriler ve tutumlar<br \/>\ngeli\u015ftirerek ki\u015fisel hedefleri tan\u0131mlamalar\u0131na ve elde etmelerine yard\u0131mc\u0131 olma<br \/>\ns\u00fcrecidir. Ya\u015fam ko\u00e7lu\u011fu,&nbsp;<\/span><span style=\"color:black;mso-color-alt: windowtext\"><a href=\"https:\/\/tr.wikipedia.org\/wiki\/%C4%B0%C5%9F-ya%C5%9Fam_dengesi\" title=\"\u0130\u015f-ya\u015fam dengesi\"><span style=\"font-size:10.5pt;font-family:&quot;Arial&quot;,sans-serif; mso-fareast-font-family:&quot;Times New Roman&quot;;color:#3366CC;mso-fareast-language: TR\">i\u015f-ya\u015fam dengesi<\/span><\/a><\/span><span style=\"font-size:10.5pt;font-family: &quot;Arial&quot;,sans-serif;mso-fareast-font-family:&quot;Times New Roman&quot;;color:#202122; mso-fareast-language:TR\">&nbsp;ve&nbsp;<\/span><span style=\"color:black; mso-color-alt:windowtext\"><a href=\"https:\/\/tr.wikipedia.org\/wiki\/Kariyer\" title=\"Kariyer\"><span style=\"font-size:10.5pt;font-family:&quot;Arial&quot;,sans-serif; mso-fareast-font-family:&quot;Times New Roman&quot;;color:#3366CC;mso-fareast-language: TR\">kariyer<\/span><\/a><\/span><span style=\"font-size:10.5pt;font-family:&quot;Arial&quot;,sans-serif; mso-fareast-font-family:&quot;Times New Roman&quot;;color:#202122;mso-fareast-language: TR\">&nbsp;de\u011fi\u015fikli\u011fi gibi konularla ilgilenir ve genellikle i\u015fyeri ortam\u0131<br \/>\nd\u0131\u015f\u0131nda ger\u00e7ekle\u015fir.<\/span><span style=\"color:black;mso-color-alt:windowtext\"><a href=\"https:\/\/tr.wikipedia.org\/wiki\/Ya%C5%9Fam_ko%C3%A7lu%C4%9Fu#cite_note-1\"><sup><span style=\"font-size:8.5pt;font-family:&quot;Arial&quot;,sans-serif;mso-fareast-font-family: &quot;Times New Roman&quot;;color:#3366CC;mso-fareast-language:TR\">[1]<\/span><\/sup><\/a><\/span><span style=\"font-size:10.5pt;font-family:&quot;Arial&quot;,sans-serif;mso-fareast-font-family: &quot;Times New Roman&quot;;color:#202122;mso-fareast-language:TR\"><o:p><\/o:p><\/span><\/p>\n<p class=\"MsoNormal\" style=\"margin: 6pt 0cm 0cm; background-image: initial; background-position: initial; background-size: initial; background-repeat: initial; background-attachment: initial; background-origin: initial; background-clip: initial;\"><span style=\"font-size: 10.5pt;font-family:&quot;Arial&quot;,sans-serif;mso-fareast-font-family:&quot;Times New Roman&quot;; color:#202122;mso-fareast-language:TR\">Ya\u015fam ko\u00e7u bireyin mevcut ya\u015fam\u0131na<br \/>\nodaklanmas\u0131na yard\u0131mc\u0131 olur, gerekli d\u00fczeltmeleri yapar ve ki\u015fisel ve<br \/>\nprofesyonel ya\u015famlar\u0131nda olumlu hedefler ger\u00e7ekle\u015ftirerek ilerlemelerine<br \/>\nyard\u0131mc\u0131 olur. Ki\u015finin ya\u015fam\u0131nda b\u00fcy\u00fck bir ge\u00e7i\u015f a\u015famas\u0131ndan ge\u00e7ip ge\u00e7medi\u011fi ya<br \/>\nda sadece belirli bir hedefe ula\u015fmak i\u00e7in motivasyona ve cesaretlendirmeye<br \/>\nihtiya\u00e7 duyup duymad\u0131\u011f\u0131, bir ya\u015fam ko\u00e7u \u00e7ok de\u011ferli bir profesyonel dan\u0131\u015fman<br \/>\nolabilir.<\/span><span style=\"color:black;mso-color-alt:windowtext\"><a href=\"https:\/\/tr.wikipedia.org\/wiki\/Ya%C5%9Fam_ko%C3%A7lu%C4%9Fu#cite_note-2\"><sup><span style=\"font-size:8.5pt;font-family:&quot;Arial&quot;,sans-serif;mso-fareast-font-family: &quot;Times New Roman&quot;;color:#3366CC;mso-fareast-language:TR\">[2]<\/span><\/sup><\/a><\/span><span style=\"font-size:10.5pt;font-family:&quot;Arial&quot;,sans-serif;mso-fareast-font-family: &quot;Times New Roman&quot;;color:#202122;mso-fareast-language:TR\">&nbsp;M\u00fc\u015fterilerinin ya\u015famlar\u0131nda<br \/>\nolumlu de\u011fi\u015fiklikler ke\u015ffetmelerine ve ba\u015flatmalar\u0131na yard\u0131mc\u0131 olmak i\u00e7in<br \/>\ngereken sorular\u0131, \u00e7er\u00e7eveyi, al\u0131\u015ft\u0131rmalar\u0131 ve hesap verebilirli\u011fi sa\u011flar. Ya\u015fam<br \/>\nko\u00e7lar\u0131, gayet sa\u011fl\u0131kl\u0131 d\u00fc\u015f\u00fcn\u00fcp hareket edebilen bireyleri geli\u015ftirmeye y\u00f6nelik<br \/>\nad\u0131m atarlar. Hayatlar\u0131n\u0131n her alan\u0131nda \u201cdaha iyisini\u201d isteyen bilin\u00e7li insan<br \/>\ntoplulu\u011fu ile yapm\u0131\u015f oldu\u011fu ikili diyaloglar sonucu olu\u015fmu\u015f bir meslek dal\u0131d\u0131r.<br \/>\nPsikologlardan kendilerini ay\u0131ran en b\u00fcy\u00fck farkta budur.<\/span><span style=\"color:black;mso-color-alt:windowtext\"><a href=\"https:\/\/tr.wikipedia.org\/wiki\/Ya%C5%9Fam_ko%C3%A7lu%C4%9Fu#cite_note-3\"><sup><span style=\"font-size:8.5pt;font-family:&quot;Arial&quot;,sans-serif;mso-fareast-font-family: &quot;Times New Roman&quot;;color:#3366CC;mso-fareast-language:TR\">[3]<\/span><\/sup><\/a><\/span><span style=\"font-size:10.5pt;font-family:&quot;Arial&quot;,sans-serif;mso-fareast-font-family: &quot;Times New Roman&quot;;color:#202122;mso-fareast-language:TR\"><o:p><\/o:p><\/span><\/p>\n<p class=\"MsoNormal\" style=\"margin-left:18.0pt\"><o:p>&nbsp;<\/o:p><\/p>\n<p class=\"MsoListParagraph\" style=\"text-indent:-18.0pt;mso-list:l0 level1 lfo1\"><!--&#091;if !supportLists&#093;--><span style=\"font-family:Symbol;mso-fareast-font-family:Symbol;mso-bidi-font-family: Symbol\">\u00b7<span style=\"font-variant-numeric: normal; font-variant-east-asian: normal; font-variant-alternates: normal; font-kerning: auto; font-optical-sizing: auto; font-feature-settings: normal; font-variation-settings: normal; font-variant-position: normal; font-stretch: normal; font-size: 7pt; font-family: &quot;Times New Roman&quot;;\">&nbsp;&nbsp;&nbsp;&nbsp;&nbsp;&nbsp;&nbsp;<br \/>\n<\/span><\/span><!--&#091;endif&#093;-->Burcu KAPLAN NEW NLP D\u0130PLOMA, PRACT\u0130T\u0130ONER,<br \/>\nMASTER VE DES\u0130GNER OLMAK \u00dcZERE 4 A\u015eAMAYI BA\u015eARI \u0130LE TAMAMLAYARAK 2008 YILINDA<br \/>\nBA\u015eARIYLA YA\u015eAM KO\u00c7U VE DES\u0130GNER OLMU\u015eTUR.<o:p><\/o:p><\/p>\n<\/p>\n<p class=\"MsoNormal\"><o:p>&nbsp;<\/o:p><\/p>\n<ul>\n<\/ul>\n<p>\n<\/div><\/div><\/div><\/div><\/div><\/section><section class=\"kc-elm kc-css-964660 kc_row\"><div class=\"kc-row-container  kc-container\"><div class=\"kc-wrap-columns\"><div class=\"kc-elm kc-css-496763 kc_col-sm-12 kc_column kc_col-sm-12\"><div class=\"kc-col-container\">\n<div class=\"kc-elm kc-css-751161 kc-call-to-action kc-cta-3 kc-is-button\">\n\n\t<div class=\"kc-cta-desc\"><h2>De\u011ferlendirme ve Aile Bilgi Formu<\/h2><div class=\"kc-cta-text\">Detayl\u0131 bilgi almak i\u00e7in formu doldurunuz.\r\nUzmanlar\u0131m\u0131z en k\u0131sa s\u00fcrede sizinle ileti\u015fime ge\u00e7ecektir.<\/div><\/div><div class=\"kc-cta-button\"><a href=\"https:\/\/burcukaplan.com\/index.php\/degerlendirme-ve-aile-bilgi-formu\/\" title=\"DE\u011eERLEND\u0130RME VE A\u0130LE B\u0130LG\u0130 FORMU\">Forma git <span class=\"kc-cta-icon\"><i class=\"fab-wpforms\"><\/i><\/span><\/a><\/div>\n<\/div>\n<\/div><\/div><\/div><\/div><\/section><section class=\"kc-elm kc-css-866715 kc_row\"><div class=\"kc-row-container  kc-container\"><div class=\"kc-wrap-columns\"><div class=\"kc-elm kc-css-507715 kc_col-sm-12 kc_column kc_col-sm-12\"><div class=\"kc-col-container\"><div class=\"kc-elm kc-css-981639 kc_text_block\"><\/p>\n<p>\n<\/div><\/div><\/div><\/div><\/div><\/section><\/p>\n","protected":false},"excerpt":{"rendered":"","protected":false},"author":1,"featured_media":0,"parent":0,"menu_order":0,"comment_status":"closed","ping_status":"closed","template":"","meta":[],"_links":{"self":[{"href":"https:\/\/burcukaplan.com\/index.php\/wp-json\/wp\/v2\/pages\/419"}],"collection":[{"href":"https:\/\/burcukaplan.com\/index.php\/wp-json\/wp\/v2\/pages"}],"about":[{"href":"https:\/\/burcukaplan.com\/index.php\/wp-json\/wp\/v2\/types\/page"}],"author":[{"embeddable":true,"href":"https:\/\/burcukaplan.com\/index.php\/wp-json\/wp\/v2\/users\/1"}],"replies":[{"embeddable":true,"href":"https:\/\/burcukaplan.com\/index.php\/wp-json\/wp\/v2\/comments?post=419"}],"version-history":[{"count":1,"href":"https:\/\/burcukaplan.com\/index.php\/wp-json\/wp\/v2\/pages\/419\/revisions"}],"predecessor-version":[{"id":426,"href":"https:\/\/burcukaplan.com\/index.php\/wp-json\/wp\/v2\/pages\/419\/revisions\/426"}],"wp:attachment":[{"href":"https:\/\/burcukaplan.com\/index.php\/wp-json\/wp\/v2\/media?parent=419"}],"curies":[{"name":"wp","href":"https:\/\/api.w.org\/{rel}","templated":true}]}}